{"id":65961,"date":"2026-03-18T23:47:44","date_gmt":"2026-03-18T20:47:44","guid":{"rendered":"https:\/\/erformance.eu\/?post_type=product&#038;p=65961"},"modified":"2026-04-05T13:53:38","modified_gmt":"2026-04-05T10:53:38","slug":"bmw-e9x-e8x-lci-veidrodeliu-dangteliai-blizgus-juodi-defektas","status":"publish","type":"product","link":"https:\/\/erformance.eu\/lv\/produkts\/bmw-e9x-e8x-lci-veidrodeliu-dangteliai-blizgus-juodi-defektas\/","title":{"rendered":"BMW E9X E8X LCI veidrod\u0117li\u0173 dangteliai, blizg\u016bs juodi (defektas)"},"content":{"rendered":"<p class=\"ai-optimize-26 ai-optimize-introduction\">Nauji, veidrod\u0117li\u0173 dangteliai.<\/p>\n<p class=\"ai-optimize-27\">Tinka E90 E91 E92 E93 E81 E82 E87 E88 LCI modeliams.<\/p>\n<p class=\"ai-optimize-28\">Vieno veidrod\u0117lio apatinis kampas nuskiles, u\u017ed\u0117jus nesimato ant automobilio.<\/p>\n<p>&nbsp;<\/p>\n","protected":false},"excerpt":{"rendered":"<p>Nauji, veidrod\u0117li\u0173 dangteliai. Tinka E90 E91 E92 E93 E81 E82 E87 E88 LCI modeliams. Vieno veidrod\u0117lio apatinis kampas nuskiles, u\u017ed\u0117jus<\/p>\n","protected":false},"featured_media":65962,"comment_status":"open","ping_status":"closed","template":"","meta":[],"product_brand":[],"product_cat":[122,124,42,46,139,2771,2792,2767,3346,3378,3546],"product_tag":[],"class_list":{"0":"post-65961","1":"product","2":"type-product","3":"status-publish","4":"has-post-thumbnail","6":"product_cat-1-serija","7":"product_cat-3-serija","8":"product_cat-e81-e82-e87-e88","9":"product_cat-e90-e91","10":"product_cat-e92-e93","11":"product_cat-e90-e91-isores-dalys","12":"product_cat-e92-e93-isores-dalys","13":"product_cat-e81-e82-e87-e88-isores-dalys","14":"product_cat-e81-e82-e87-e88-isores-veidrodeliai","15":"product_cat-e90-e91-isores-veidrodeliai","16":"product_cat-e92-e93-isores-veidrodeliai","18":"first","19":"outofstock","20":"shipping-taxable","21":"purchasable","22":"product-type-simple"},"yoast_head":"<!-- This site is optimized with the Yoast SEO Premium plugin v25.2 (Yoast SEO v27.5) - https:\/\/yoast.com\/product\/yoast-seo-premium-wordpress\/ -->\n<title>BMW E9X E8X LCI veidrod\u0117li\u0173 dangteliai, blizg\u016bs juodi (defektas) - Erformance.eu<\/title>\n<meta name=\"robots\" content=\"index, follow, max-snippet:-1, max-image-preview:large, max-video-preview:-1\" \/>\n<link rel=\"canonical\" href=\"https:\/\/erformance.eu\/lv\/produkts\/bmw-e9x-e8x-lci-veidrodeliu-dangteliai-blizgus-juodi-defektas\/\" \/>\n<meta property=\"og:locale\" content=\"lv_LV\" \/>\n<meta property=\"og:type\" content=\"article\" \/>\n<meta property=\"og:title\" content=\"BMW E9X E8X LCI veidrod\u0117li\u0173 dangteliai, blizg\u016bs juodi (defektas)\" \/>\n<meta property=\"og:description\" content=\"Nauji, veidrod\u0117li\u0173 dangteliai. Tinka E90 E91 E92 E93 E81 E82 E87 E88 LCI modeliams. Vieno veidrod\u0117lio apatinis kampas nuskiles, u\u017ed\u0117jus\" \/>\n<meta property=\"og:url\" content=\"https:\/\/erformance.eu\/lv\/produkts\/bmw-e9x-e8x-lci-veidrodeliu-dangteliai-blizgus-juodi-defektas\/\" \/>\n<meta property=\"og:site_name\" content=\"Erformance.eu\" \/>\n<meta property=\"article:modified_time\" content=\"2026-04-05T10:53:38+00:00\" \/>\n<meta property=\"og:image\" content=\"https:\/\/erformance.eu\/wp-content\/uploads\/2026\/03\/bmw-e9x-e8x-lci-veidrodeliu-dangteliai-defektas-1.webp\" \/>\n\t<meta property=\"og:image:width\" content=\"1080\" \/>\n\t<meta property=\"og:image:height\" content=\"1080\" \/>\n\t<meta property=\"og:image:type\" content=\"image\/webp\" \/>\n<meta name=\"twitter:card\" content=\"summary_large_image\" \/>\n<meta name=\"twitter:label1\" content=\"Est. reading time\" \/>\n\t<meta name=\"twitter:data1\" content=\"1 min\u016b\u0161u\" \/>\n<script type=\"application\/ld+json\" class=\"yoast-schema-graph\">{\"@context\":\"https:\\\/\\\/schema.org\",\"@graph\":[{\"@type\":\"WebPage\",\"@id\":\"https:\\\/\\\/erformance.eu\\\/lv\\\/produkts\\\/bmw-e9x-e8x-lci-veidrodeliu-dangteliai-blizgus-juodi-defektas\\\/\",\"url\":\"https:\\\/\\\/erformance.eu\\\/lv\\\/produkts\\\/bmw-e9x-e8x-lci-veidrodeliu-dangteliai-blizgus-juodi-defektas\\\/\",\"name\":\"BMW E9X E8X LCI veidrod\u0117li\u0173 dangteliai, blizg\u016bs juodi (defektas) - Erformance.eu\",\"isPartOf\":{\"@id\":\"https:\\\/\\\/erformance.eu\\\/lv\\\/#website\"},\"primaryImageOfPage\":{\"@id\":\"https:\\\/\\\/erformance.eu\\\/lv\\\/produkts\\\/bmw-e9x-e8x-lci-veidrodeliu-dangteliai-blizgus-juodi-defektas\\\/#primaryimage\"},\"image\":{\"@id\":\"https:\\\/\\\/erformance.eu\\\/lv\\\/produkts\\\/bmw-e9x-e8x-lci-veidrodeliu-dangteliai-blizgus-juodi-defektas\\\/#primaryimage\"},\"thumbnailUrl\":\"https:\\\/\\\/erformance.eu\\\/wp-content\\\/uploads\\\/2026\\\/03\\\/bmw-e9x-e8x-lci-veidrodeliu-dangteliai-defektas-1.webp\",\"datePublished\":\"2026-03-18T20:47:44+00:00\",\"dateModified\":\"2026-04-05T10:53:38+00:00\",\"breadcrumb\":{\"@id\":\"https:\\\/\\\/erformance.eu\\\/lv\\\/produkts\\\/bmw-e9x-e8x-lci-veidrodeliu-dangteliai-blizgus-juodi-defektas\\\/#breadcrumb\"},\"inLanguage\":\"lv-LV\",\"potentialAction\":[{\"@type\":\"ReadAction\",\"target\":[\"https:\\\/\\\/erformance.eu\\\/lv\\\/produkts\\\/bmw-e9x-e8x-lci-veidrodeliu-dangteliai-blizgus-juodi-defektas\\\/\"]}]},{\"@type\":\"ImageObject\",\"inLanguage\":\"lv-LV\",\"@id\":\"https:\\\/\\\/erformance.eu\\\/lv\\\/produkts\\\/bmw-e9x-e8x-lci-veidrodeliu-dangteliai-blizgus-juodi-defektas\\\/#primaryimage\",\"url\":\"https:\\\/\\\/erformance.eu\\\/wp-content\\\/uploads\\\/2026\\\/03\\\/bmw-e9x-e8x-lci-veidrodeliu-dangteliai-defektas-1.webp\",\"contentUrl\":\"https:\\\/\\\/erformance.eu\\\/wp-content\\\/uploads\\\/2026\\\/03\\\/bmw-e9x-e8x-lci-veidrodeliu-dangteliai-defektas-1.webp\",\"width\":1080,\"height\":1080},{\"@type\":\"BreadcrumbList\",\"@id\":\"https:\\\/\\\/erformance.eu\\\/lv\\\/produkts\\\/bmw-e9x-e8x-lci-veidrodeliu-dangteliai-blizgus-juodi-defektas\\\/#breadcrumb\",\"itemListElement\":[{\"@type\":\"ListItem\",\"position\":1,\"name\":\"Home\",\"item\":\"https:\\\/\\\/erformance.eu\\\/lv\\\/\"},{\"@type\":\"ListItem\",\"position\":2,\"name\":\"Veikals\",\"item\":\"https:\\\/\\\/erformance.eu\\\/lv\\\/veikals\\\/\"},{\"@type\":\"ListItem\",\"position\":3,\"name\":\"BMW E9X E8X LCI veidrod\u0117li\u0173 dangteliai, blizg\u016bs juodi (defektas)\"}]},{\"@type\":\"WebSite\",\"@id\":\"https:\\\/\\\/erformance.eu\\\/lv\\\/#website\",\"url\":\"https:\\\/\\\/erformance.eu\\\/lv\\\/\",\"name\":\"Erformance.eu\",\"description\":\"Automobili\u0173 dali\u0173 parduotuv\u0117\",\"potentialAction\":[{\"@type\":\"SearchAction\",\"target\":{\"@type\":\"EntryPoint\",\"urlTemplate\":\"https:\\\/\\\/erformance.eu\\\/lv\\\/?s={search_term_string}\"},\"query-input\":{\"@type\":\"PropertyValueSpecification\",\"valueRequired\":true,\"valueName\":\"search_term_string\"}}],\"inLanguage\":\"lv-LV\"}]}<\/script>\n<!-- \/ Yoast SEO Premium plugin. -->","yoast_head_json":{"title":"BMW E9X E8X LCI veidrod\u0117li\u0173 dangteliai, blizg\u016bs juodi (defektas) - Erformance.eu","robots":{"index":"index","follow":"follow","max-snippet":"max-snippet:-1","max-image-preview":"max-image-preview:large","max-video-preview":"max-video-preview:-1"},"canonical":"https:\/\/erformance.eu\/lv\/produkts\/bmw-e9x-e8x-lci-veidrodeliu-dangteliai-blizgus-juodi-defektas\/","og_locale":"lv_LV","og_type":"article","og_title":"BMW E9X E8X LCI veidrod\u0117li\u0173 dangteliai, blizg\u016bs juodi (defektas)","og_description":"Nauji, veidrod\u0117li\u0173 dangteliai. Tinka E90 E91 E92 E93 E81 E82 E87 E88 LCI modeliams. Vieno veidrod\u0117lio apatinis kampas nuskiles, u\u017ed\u0117jus","og_url":"https:\/\/erformance.eu\/lv\/produkts\/bmw-e9x-e8x-lci-veidrodeliu-dangteliai-blizgus-juodi-defektas\/","og_site_name":"Erformance.eu","article_modified_time":"2026-04-05T10:53:38+00:00","og_image":[{"width":1080,"height":1080,"url":"https:\/\/erformance.eu\/wp-content\/uploads\/2026\/03\/bmw-e9x-e8x-lci-veidrodeliu-dangteliai-defektas-1.webp","type":"image\/webp"}],"twitter_card":"summary_large_image","twitter_misc":{"Est. reading time":"1 min\u016b\u0161u"},"schema":{"@context":"https:\/\/schema.org","@graph":[{"@type":"WebPage","@id":"https:\/\/erformance.eu\/lv\/produkts\/bmw-e9x-e8x-lci-veidrodeliu-dangteliai-blizgus-juodi-defektas\/","url":"https:\/\/erformance.eu\/lv\/produkts\/bmw-e9x-e8x-lci-veidrodeliu-dangteliai-blizgus-juodi-defektas\/","name":"BMW E9X E8X LCI veidrod\u0117li\u0173 dangteliai, blizg\u016bs juodi (defektas) - Erformance.eu","isPartOf":{"@id":"https:\/\/erformance.eu\/lv\/#website"},"primaryImageOfPage":{"@id":"https:\/\/erformance.eu\/lv\/produkts\/bmw-e9x-e8x-lci-veidrodeliu-dangteliai-blizgus-juodi-defektas\/#primaryimage"},"image":{"@id":"https:\/\/erformance.eu\/lv\/produkts\/bmw-e9x-e8x-lci-veidrodeliu-dangteliai-blizgus-juodi-defektas\/#primaryimage"},"thumbnailUrl":"https:\/\/erformance.eu\/wp-content\/uploads\/2026\/03\/bmw-e9x-e8x-lci-veidrodeliu-dangteliai-defektas-1.webp","datePublished":"2026-03-18T20:47:44+00:00","dateModified":"2026-04-05T10:53:38+00:00","breadcrumb":{"@id":"https:\/\/erformance.eu\/lv\/produkts\/bmw-e9x-e8x-lci-veidrodeliu-dangteliai-blizgus-juodi-defektas\/#breadcrumb"},"inLanguage":"lv-LV","potentialAction":[{"@type":"ReadAction","target":["https:\/\/erformance.eu\/lv\/produkts\/bmw-e9x-e8x-lci-veidrodeliu-dangteliai-blizgus-juodi-defektas\/"]}]},{"@type":"ImageObject","inLanguage":"lv-LV","@id":"https:\/\/erformance.eu\/lv\/produkts\/bmw-e9x-e8x-lci-veidrodeliu-dangteliai-blizgus-juodi-defektas\/#primaryimage","url":"https:\/\/erformance.eu\/wp-content\/uploads\/2026\/03\/bmw-e9x-e8x-lci-veidrodeliu-dangteliai-defektas-1.webp","contentUrl":"https:\/\/erformance.eu\/wp-content\/uploads\/2026\/03\/bmw-e9x-e8x-lci-veidrodeliu-dangteliai-defektas-1.webp","width":1080,"height":1080},{"@type":"BreadcrumbList","@id":"https:\/\/erformance.eu\/lv\/produkts\/bmw-e9x-e8x-lci-veidrodeliu-dangteliai-blizgus-juodi-defektas\/#breadcrumb","itemListElement":[{"@type":"ListItem","position":1,"name":"Home","item":"https:\/\/erformance.eu\/lv\/"},{"@type":"ListItem","position":2,"name":"Veikals","item":"https:\/\/erformance.eu\/lv\/veikals\/"},{"@type":"ListItem","position":3,"name":"BMW E9X E8X LCI veidrod\u0117li\u0173 dangteliai, blizg\u016bs juodi (defektas)"}]},{"@type":"WebSite","@id":"https:\/\/erformance.eu\/lv\/#website","url":"https:\/\/erformance.eu\/lv\/","name":"Erformance.eu","description":"Automobili\u0173 dali\u0173 parduotuv\u0117","potentialAction":[{"@type":"SearchAction","target":{"@type":"EntryPoint","urlTemplate":"https:\/\/erformance.eu\/lv\/?s={search_term_string}"},"query-input":{"@type":"PropertyValueSpecification","valueRequired":true,"valueName":"search_term_string"}}],"inLanguage":"lv-LV"}]}},"jetpack_sharing_enabled":true,"_links":{"self":[{"href":"https:\/\/erformance.eu\/lv\/wp-json\/wp\/v2\/product\/65961","targetHints":{"allow":["GET"]}}],"collection":[{"href":"https:\/\/erformance.eu\/lv\/wp-json\/wp\/v2\/product"}],"about":[{"href":"https:\/\/erformance.eu\/lv\/wp-json\/wp\/v2\/types\/product"}],"replies":[{"embeddable":true,"href":"https:\/\/erformance.eu\/lv\/wp-json\/wp\/v2\/comments?post=65961"}],"version-history":[{"count":2,"href":"https:\/\/erformance.eu\/lv\/wp-json\/wp\/v2\/product\/65961\/revisions"}],"predecessor-version":[{"id":65966,"href":"https:\/\/erformance.eu\/lv\/wp-json\/wp\/v2\/product\/65961\/revisions\/65966"}],"wp:featuredmedia":[{"embeddable":true,"href":"https:\/\/erformance.eu\/lv\/wp-json\/wp\/v2\/media\/65962"}],"wp:attachment":[{"href":"https:\/\/erformance.eu\/lv\/wp-json\/wp\/v2\/media?parent=65961"}],"wp:term":[{"taxonomy":"product_brand","embeddable":true,"href":"https:\/\/erformance.eu\/lv\/wp-json\/wp\/v2\/product_brand?post=65961"},{"taxonomy":"product_cat","embeddable":true,"href":"https:\/\/erformance.eu\/lv\/wp-json\/wp\/v2\/product_cat?post=65961"},{"taxonomy":"product_tag","embeddable":true,"href":"https:\/\/erformance.eu\/lv\/wp-json\/wp\/v2\/product_tag?post=65961"}],"curies":[{"name":"wp","href":"https:\/\/api.w.org\/{rel}","templated":true}]}}