{"id":66251,"date":"2025-07-21T22:28:59","date_gmt":"2025-07-21T19:28:59","guid":{"rendered":"https:\/\/erformance.eu\/produktas\/bmw-f22-f23-dubultas-prieksejas-restes-glancetas-melnas\/"},"modified":"2026-03-31T01:06:42","modified_gmt":"2026-03-30T22:06:42","slug":"bmw-f22-f23-dubultas-prieksejas-restes-glancetas-melnas","status":"publish","type":"product","link":"https:\/\/erformance.eu\/lv\/produkts\/bmw-f22-f23-dubultas-prieksejas-restes-glancetas-melnas\/","title":{"rendered":"BMW F22 F23 dubult\u0101s priek\u0161\u0113j\u0101s restes, glanc\u0113tas melnas"},"content":{"rendered":"<ul>\n<li class=\"ai-optimize-36 ai-optimize-introduction\">BMW F22 F23 dubult\u0101s priek\u0161\u0113j\u0101s restes, glanc\u0113tas melnas.<\/li>\n<\/ul>\n<p class=\"ai-optimize-26\"><strong>Komplekt\u0101 ietilpst:<\/strong><\/p>\n<ul>\n<li class=\"ai-optimize-25\">2 gab. dubult\u0101s meln\u0101s restes (kreis\u0101 un lab\u0101 puse).<\/li>\n<\/ul>\n<p class=\"ai-optimize-35\"><strong>Kr\u0101sa:<\/strong><\/p>\n<ul>\n<li class=\"ai-optimize-35\">Melna, glanc\u0113ta (Black gloss)<\/li>\n<\/ul>\n<p class=\"ai-optimize-36\"><strong>\u012apa\u0161\u012bbas:<\/strong><\/p>\n<ul>\n<li class=\"ai-optimize-29\">Dubult\u0101s restes izgatavotas no iztur\u012bga ABS plastmasas.<\/li>\n<li class=\"ai-optimize-30\">Iztur\u012bgi, augstas kvalit\u0101tes stiprin\u0101jumi<\/li>\n<li class=\"ai-optimize-31\">Restes ar augstas kvalit\u0101tes kr\u0101sojumu, kas saglab\u0101s sp\u012bdumu un kalpos ilgu laiku.<\/li>\n<li class=\"ai-optimize-32\">Viegli uzst\u0101d\u0101ms, stiprin\u0101jumi atbilst ori\u0123in\u0101laj\u0101m viet\u0101m.<\/li>\n<li class=\"ai-optimize-31\">\u0160\u012bs BMW F22 F23 dubult\u0101s priek\u0161\u0113j\u0101s restes der standarta un M Tech bamperiem.<\/li>\n<\/ul>\n<p class=\"ai-optimize-38\"><strong>Piem\u0113rot\u012bba:<\/strong><\/p>\n<ul>\n<li class=\"ai-optimize-31\"><strong>BMW F22 2 s\u0113rija<\/strong>, 2012-<\/li>\n<li class=\"ai-optimize-32\"><strong>BMW F23 2 s\u0113rija,<\/strong> 2014-<\/li>\n<\/ul>\n<p class=\"ai-optimize-41\">Atjaunojiet automobi\u013ca izskatu un pie\u0161\u0137iriet agres\u012bvu un modernu stilu.<\/p>\n<p class=\"ai-optimize-42\">Erformance.eu interneta veikal\u0101 atrad\u012bsiet da\u017e\u0101dus produktus savam <a href=\"https:\/\/erformance.eu\/lv\/produkta-kategorija\/bmw\/2-serija\/f22-f23\/\">BMW F22 F23 PRE LCI \u2013 LCI<\/a> automobilim No maz\u0101kajiem aksesu\u0101riem l\u012bdz pla\u0161am t\u016bninga deta\u013cu kl\u0101stam.<\/p>\n<p class=\"ai-optimize-29\">Prece tiek glab\u0101ta pieg\u0101d\u0101t\u0101ju noliktav\u0101 Eirop\u0101, t\u0101p\u0113c varam garant\u0113t \u0101tru pieg\u0101des laiku (3\u20135 darba dienas).<\/p>\n","protected":false},"excerpt":{"rendered":"<h5>BMW F22 F23 dubult\u0101s priek\u0161\u0113j\u0101s restes<\/h5>\n","protected":false},"featured_media":66247,"comment_status":"open","ping_status":"closed","template":"","meta":[],"product_brand":[],"product_cat":[226],"product_tag":[],"class_list":{"0":"post-66251","1":"product","2":"type-product","3":"status-publish","4":"has-post-thumbnail","6":"product_cat-f22-f23","8":"first","9":"instock","10":"shipping-taxable","11":"purchasable","12":"product-type-simple"},"yoast_head":"<!-- This site is optimized with the Yoast SEO Premium plugin v25.2 (Yoast SEO v27.3) - https:\/\/yoast.com\/product\/yoast-seo-premium-wordpress\/ -->\n<title>BMW F22 F23 dubult\u0101s priek\u0161\u0113j\u0101s restes, glanc\u0113tas melnas - Erformance.eu<\/title>\n<meta name=\"description\" content=\"BMW F22 F23 dubult\u0101s priek\u0161\u0113j\u0101s restes. Glanc\u0113tas melnas (gloss black). Der LCI un PRE LCI 2. s\u0113rijas mode\u013ciem. Augstas kvalit\u0101tes melnas priek\u0161\u0113j\u0101s restes.\" \/>\n<meta name=\"robots\" content=\"index, follow, max-snippet:-1, max-image-preview:large, max-video-preview:-1\" \/>\n<link rel=\"canonical\" href=\"https:\/\/erformance.eu\/lv\/produkts\/bmw-f22-f23-dubultas-prieksejas-restes-glancetas-melnas\/\" \/>\n<meta property=\"og:locale\" content=\"lv_LV\" \/>\n<meta property=\"og:type\" content=\"article\" \/>\n<meta property=\"og:title\" content=\"BMW F22 F23 dubult\u0101s priek\u0161\u0113j\u0101s restes, glanc\u0113tas melnas\" \/>\n<meta property=\"og:description\" content=\"BMW F22 F23 dubult\u0101s priek\u0161\u0113j\u0101s restes. Glanc\u0113tas melnas (gloss black). Der LCI un PRE LCI 2. s\u0113rijas mode\u013ciem. Augstas kvalit\u0101tes melnas priek\u0161\u0113j\u0101s restes.\" \/>\n<meta property=\"og:url\" content=\"https:\/\/erformance.eu\/lv\/produkts\/bmw-f22-f23-dubultas-prieksejas-restes-glancetas-melnas\/\" \/>\n<meta property=\"og:site_name\" content=\"Erformance.eu\" \/>\n<meta property=\"article:modified_time\" content=\"2026-03-30T22:06:42+00:00\" \/>\n<meta property=\"og:image\" content=\"https:\/\/erformance.eu\/wp-content\/uploads\/2025\/07\/bmw-f22-f23-dvigubos-juodos-blizgios-groteles-pre-lci-lci-1.webp\" \/>\n\t<meta property=\"og:image:width\" content=\"1080\" \/>\n\t<meta property=\"og:image:height\" content=\"1080\" \/>\n\t<meta property=\"og:image:type\" content=\"image\/webp\" \/>\n<meta name=\"twitter:card\" content=\"summary_large_image\" \/>\n<meta name=\"twitter:label1\" content=\"Est. reading time\" \/>\n\t<meta name=\"twitter:data1\" content=\"1 min\u016b\u0161u\" \/>\n<script type=\"application\/ld+json\" class=\"yoast-schema-graph\">{\"@context\":\"https:\\\/\\\/schema.org\",\"@graph\":[{\"@type\":\"WebPage\",\"@id\":\"https:\\\/\\\/erformance.eu\\\/lv\\\/produkts\\\/bmw-f22-f23-dubultas-prieksejas-restes-glancetas-melnas\\\/\",\"url\":\"https:\\\/\\\/erformance.eu\\\/lv\\\/produkts\\\/bmw-f22-f23-dubultas-prieksejas-restes-glancetas-melnas\\\/\",\"name\":\"BMW F22 F23 dubult\u0101s priek\u0161\u0113j\u0101s restes, glanc\u0113tas melnas - Erformance.eu\",\"isPartOf\":{\"@id\":\"https:\\\/\\\/erformance.eu\\\/lv\\\/#website\"},\"primaryImageOfPage\":{\"@id\":\"https:\\\/\\\/erformance.eu\\\/lv\\\/produkts\\\/bmw-f22-f23-dubultas-prieksejas-restes-glancetas-melnas\\\/#primaryimage\"},\"image\":{\"@id\":\"https:\\\/\\\/erformance.eu\\\/lv\\\/produkts\\\/bmw-f22-f23-dubultas-prieksejas-restes-glancetas-melnas\\\/#primaryimage\"},\"thumbnailUrl\":\"https:\\\/\\\/erformance.eu\\\/wp-content\\\/uploads\\\/2025\\\/07\\\/bmw-f22-f23-dvigubos-juodos-blizgios-groteles-pre-lci-lci-1.webp\",\"datePublished\":\"2025-07-21T19:28:59+00:00\",\"dateModified\":\"2026-03-30T22:06:42+00:00\",\"description\":\"BMW F22 F23 dubult\u0101s priek\u0161\u0113j\u0101s restes. Glanc\u0113tas melnas (gloss black). Der LCI un PRE LCI 2. s\u0113rijas mode\u013ciem. Augstas kvalit\u0101tes melnas priek\u0161\u0113j\u0101s restes.\",\"breadcrumb\":{\"@id\":\"https:\\\/\\\/erformance.eu\\\/lv\\\/produkts\\\/bmw-f22-f23-dubultas-prieksejas-restes-glancetas-melnas\\\/#breadcrumb\"},\"inLanguage\":\"lv-LV\",\"potentialAction\":[{\"@type\":\"ReadAction\",\"target\":[\"https:\\\/\\\/erformance.eu\\\/lv\\\/produkts\\\/bmw-f22-f23-dubultas-prieksejas-restes-glancetas-melnas\\\/\"]}]},{\"@type\":\"ImageObject\",\"inLanguage\":\"lv-LV\",\"@id\":\"https:\\\/\\\/erformance.eu\\\/lv\\\/produkts\\\/bmw-f22-f23-dubultas-prieksejas-restes-glancetas-melnas\\\/#primaryimage\",\"url\":\"https:\\\/\\\/erformance.eu\\\/wp-content\\\/uploads\\\/2025\\\/07\\\/bmw-f22-f23-dvigubos-juodos-blizgios-groteles-pre-lci-lci-1.webp\",\"contentUrl\":\"https:\\\/\\\/erformance.eu\\\/wp-content\\\/uploads\\\/2025\\\/07\\\/bmw-f22-f23-dvigubos-juodos-blizgios-groteles-pre-lci-lci-1.webp\",\"width\":1080,\"height\":1080,\"caption\":\"BMW F22 F23 dubult\u0101s priek\u0161\u0113j\u0101s restes, glanc\u0113tas melnas \u2013 galven\u0101\"},{\"@type\":\"BreadcrumbList\",\"@id\":\"https:\\\/\\\/erformance.eu\\\/lv\\\/produkts\\\/bmw-f22-f23-dubultas-prieksejas-restes-glancetas-melnas\\\/#breadcrumb\",\"itemListElement\":[{\"@type\":\"ListItem\",\"position\":1,\"name\":\"Home\",\"item\":\"https:\\\/\\\/erformance.eu\\\/lv\\\/\"},{\"@type\":\"ListItem\",\"position\":2,\"name\":\"Veikals\",\"item\":\"https:\\\/\\\/erformance.eu\\\/lv\\\/veikals\\\/\"},{\"@type\":\"ListItem\",\"position\":3,\"name\":\"BMW F22 F23 dubult\u0101s priek\u0161\u0113j\u0101s restes, glanc\u0113tas melnas\"}]},{\"@type\":\"WebSite\",\"@id\":\"https:\\\/\\\/erformance.eu\\\/lv\\\/#website\",\"url\":\"https:\\\/\\\/erformance.eu\\\/lv\\\/\",\"name\":\"Erformance.eu\",\"description\":\"Automobili\u0173 dali\u0173 parduotuv\u0117\",\"potentialAction\":[{\"@type\":\"SearchAction\",\"target\":{\"@type\":\"EntryPoint\",\"urlTemplate\":\"https:\\\/\\\/erformance.eu\\\/lv\\\/?s={search_term_string}\"},\"query-input\":{\"@type\":\"PropertyValueSpecification\",\"valueRequired\":true,\"valueName\":\"search_term_string\"}}],\"inLanguage\":\"lv-LV\"}]}<\/script>\n<!-- \/ Yoast SEO Premium plugin. -->","yoast_head_json":{"title":"BMW F22 F23 dubult\u0101s priek\u0161\u0113j\u0101s restes, glanc\u0113tas melnas - Erformance.eu","description":"BMW F22 F23 dubult\u0101s priek\u0161\u0113j\u0101s restes. Glanc\u0113tas melnas (gloss black). Der LCI un PRE LCI 2. s\u0113rijas mode\u013ciem. Augstas kvalit\u0101tes melnas priek\u0161\u0113j\u0101s restes.","robots":{"index":"index","follow":"follow","max-snippet":"max-snippet:-1","max-image-preview":"max-image-preview:large","max-video-preview":"max-video-preview:-1"},"canonical":"https:\/\/erformance.eu\/lv\/produkts\/bmw-f22-f23-dubultas-prieksejas-restes-glancetas-melnas\/","og_locale":"lv_LV","og_type":"article","og_title":"BMW F22 F23 dubult\u0101s priek\u0161\u0113j\u0101s restes, glanc\u0113tas melnas","og_description":"BMW F22 F23 dubult\u0101s priek\u0161\u0113j\u0101s restes. Glanc\u0113tas melnas (gloss black). Der LCI un PRE LCI 2. s\u0113rijas mode\u013ciem. Augstas kvalit\u0101tes melnas priek\u0161\u0113j\u0101s restes.","og_url":"https:\/\/erformance.eu\/lv\/produkts\/bmw-f22-f23-dubultas-prieksejas-restes-glancetas-melnas\/","og_site_name":"Erformance.eu","article_modified_time":"2026-03-30T22:06:42+00:00","og_image":[{"width":1080,"height":1080,"url":"https:\/\/erformance.eu\/wp-content\/uploads\/2025\/07\/bmw-f22-f23-dvigubos-juodos-blizgios-groteles-pre-lci-lci-1.webp","type":"image\/webp"}],"twitter_card":"summary_large_image","twitter_misc":{"Est. reading time":"1 min\u016b\u0161u"},"schema":{"@context":"https:\/\/schema.org","@graph":[{"@type":"WebPage","@id":"https:\/\/erformance.eu\/lv\/produkts\/bmw-f22-f23-dubultas-prieksejas-restes-glancetas-melnas\/","url":"https:\/\/erformance.eu\/lv\/produkts\/bmw-f22-f23-dubultas-prieksejas-restes-glancetas-melnas\/","name":"BMW F22 F23 dubult\u0101s priek\u0161\u0113j\u0101s restes, glanc\u0113tas melnas - Erformance.eu","isPartOf":{"@id":"https:\/\/erformance.eu\/lv\/#website"},"primaryImageOfPage":{"@id":"https:\/\/erformance.eu\/lv\/produkts\/bmw-f22-f23-dubultas-prieksejas-restes-glancetas-melnas\/#primaryimage"},"image":{"@id":"https:\/\/erformance.eu\/lv\/produkts\/bmw-f22-f23-dubultas-prieksejas-restes-glancetas-melnas\/#primaryimage"},"thumbnailUrl":"https:\/\/erformance.eu\/wp-content\/uploads\/2025\/07\/bmw-f22-f23-dvigubos-juodos-blizgios-groteles-pre-lci-lci-1.webp","datePublished":"2025-07-21T19:28:59+00:00","dateModified":"2026-03-30T22:06:42+00:00","description":"BMW F22 F23 dubult\u0101s priek\u0161\u0113j\u0101s restes. Glanc\u0113tas melnas (gloss black). Der LCI un PRE LCI 2. s\u0113rijas mode\u013ciem. Augstas kvalit\u0101tes melnas priek\u0161\u0113j\u0101s restes.","breadcrumb":{"@id":"https:\/\/erformance.eu\/lv\/produkts\/bmw-f22-f23-dubultas-prieksejas-restes-glancetas-melnas\/#breadcrumb"},"inLanguage":"lv-LV","potentialAction":[{"@type":"ReadAction","target":["https:\/\/erformance.eu\/lv\/produkts\/bmw-f22-f23-dubultas-prieksejas-restes-glancetas-melnas\/"]}]},{"@type":"ImageObject","inLanguage":"lv-LV","@id":"https:\/\/erformance.eu\/lv\/produkts\/bmw-f22-f23-dubultas-prieksejas-restes-glancetas-melnas\/#primaryimage","url":"https:\/\/erformance.eu\/wp-content\/uploads\/2025\/07\/bmw-f22-f23-dvigubos-juodos-blizgios-groteles-pre-lci-lci-1.webp","contentUrl":"https:\/\/erformance.eu\/wp-content\/uploads\/2025\/07\/bmw-f22-f23-dvigubos-juodos-blizgios-groteles-pre-lci-lci-1.webp","width":1080,"height":1080,"caption":"BMW F22 F23 dubult\u0101s priek\u0161\u0113j\u0101s restes, glanc\u0113tas melnas \u2013 galven\u0101"},{"@type":"BreadcrumbList","@id":"https:\/\/erformance.eu\/lv\/produkts\/bmw-f22-f23-dubultas-prieksejas-restes-glancetas-melnas\/#breadcrumb","itemListElement":[{"@type":"ListItem","position":1,"name":"Home","item":"https:\/\/erformance.eu\/lv\/"},{"@type":"ListItem","position":2,"name":"Veikals","item":"https:\/\/erformance.eu\/lv\/veikals\/"},{"@type":"ListItem","position":3,"name":"BMW F22 F23 dubult\u0101s priek\u0161\u0113j\u0101s restes, glanc\u0113tas melnas"}]},{"@type":"WebSite","@id":"https:\/\/erformance.eu\/lv\/#website","url":"https:\/\/erformance.eu\/lv\/","name":"Erformance.eu","description":"Automobili\u0173 dali\u0173 parduotuv\u0117","potentialAction":[{"@type":"SearchAction","target":{"@type":"EntryPoint","urlTemplate":"https:\/\/erformance.eu\/lv\/?s={search_term_string}"},"query-input":{"@type":"PropertyValueSpecification","valueRequired":true,"valueName":"search_term_string"}}],"inLanguage":"lv-LV"}]}},"jetpack_sharing_enabled":true,"_links":{"self":[{"href":"https:\/\/erformance.eu\/lv\/wp-json\/wp\/v2\/product\/66251","targetHints":{"allow":["GET"]}}],"collection":[{"href":"https:\/\/erformance.eu\/lv\/wp-json\/wp\/v2\/product"}],"about":[{"href":"https:\/\/erformance.eu\/lv\/wp-json\/wp\/v2\/types\/product"}],"replies":[{"embeddable":true,"href":"https:\/\/erformance.eu\/lv\/wp-json\/wp\/v2\/comments?post=66251"}],"version-history":[{"count":1,"href":"https:\/\/erformance.eu\/lv\/wp-json\/wp\/v2\/product\/66251\/revisions"}],"predecessor-version":[{"id":66390,"href":"https:\/\/erformance.eu\/lv\/wp-json\/wp\/v2\/product\/66251\/revisions\/66390"}],"wp:featuredmedia":[{"embeddable":true,"href":"https:\/\/erformance.eu\/lv\/wp-json\/wp\/v2\/media\/66247"}],"wp:attachment":[{"href":"https:\/\/erformance.eu\/lv\/wp-json\/wp\/v2\/media?parent=66251"}],"wp:term":[{"taxonomy":"product_brand","embeddable":true,"href":"https:\/\/erformance.eu\/lv\/wp-json\/wp\/v2\/product_brand?post=66251"},{"taxonomy":"product_cat","embeddable":true,"href":"https:\/\/erformance.eu\/lv\/wp-json\/wp\/v2\/product_cat?post=66251"},{"taxonomy":"product_tag","embeddable":true,"href":"https:\/\/erformance.eu\/lv\/wp-json\/wp\/v2\/product_tag?post=66251"}],"curies":[{"name":"wp","href":"https:\/\/api.w.org\/{rel}","templated":true}]}}