{"id":66330,"date":"2025-01-27T23:44:02","date_gmt":"2025-01-27T20:44:02","guid":{"rendered":"https:\/\/erformance.eu\/produktas\/bmw-e39-dubultas-prieksejas-restes-1995-2003-glancetas-melnas\/"},"modified":"2026-03-31T01:11:39","modified_gmt":"2026-03-30T22:11:39","slug":"bmw-e39-dubultas-prieksejas-restes-1995-2003-glancetas-melnas","status":"publish","type":"product","link":"https:\/\/erformance.eu\/lv\/produkts\/bmw-e39-dubultas-prieksejas-restes-1995-2003-glancetas-melnas\/","title":{"rendered":"BMW E39 dubult\u0101s priek\u0161\u0113j\u0101s restes (1995\u20132003), glanc\u0113tas melnas"},"content":{"rendered":"<p class=\"ai-optimize-33 ai-optimize-introduction\"><strong>Produkta nosaukums:<\/strong><\/p>\n<ul>\n<li class=\"ai-optimize-33 ai-optimize-introduction\">BMW E39 dubult\u0101s priek\u0161\u0113j\u0101s restes (1995\u20132003), glanc\u0113tas melnas.<\/li>\n<\/ul>\n<p class=\"ai-optimize-26\"><strong>Komplekt\u0101 ietilpst:<\/strong><\/p>\n<ul>\n<li class=\"ai-optimize-25\">2 gab. dubult\u0101s meln\u0101s restes (kreis\u0101 un lab\u0101 puse). <\/li>\n<\/ul>\n<p class=\"ai-optimize-35\"><strong>Kr\u0101sa:<\/strong><\/p>\n<ul>\n<li class=\"ai-optimize-35\">Melna, glanc\u0113ta (Black gloss)<\/li>\n<\/ul>\n<p class=\"ai-optimize-36\"><strong>\u012apa\u0161\u012bbas:<\/strong><\/p>\n<ul>\n<li class=\"ai-optimize-29\">Dubult\u0101s restes izgatavotas no iztur\u012bga ABS plastmasas.<\/li>\n<li class=\"ai-optimize-30\">Iztur\u012bgi, augstas kvalit\u0101tes stiprin\u0101jumi<\/li>\n<li class=\"ai-optimize-31\">Restes ar augstas kvalit\u0101tes kr\u0101sojumu, kas saglab\u0101s sp\u012bdumu un kalpos ilgu laiku.<\/li>\n<li class=\"ai-optimize-32\">Viegli uzst\u0101d\u0101ms, stiprin\u0101jumi atbilst ori\u0123in\u0101laj\u0101m viet\u0101m.<\/li>\n<li class=\"ai-optimize-31\">\u0160\u012bs BMW E39 dubult\u0101s priek\u0161\u0113j\u0101s restes der visiem bamperiem (standarta, M5 look un M-Tech).<\/li>\n<\/ul>\n<p class=\"ai-optimize-38\"><strong>Piem\u0113rot\u012bba:<\/strong><\/p>\n<ul>\n<li class=\"ai-optimize-31\"><strong>BMW E39 5 s\u0113rija,<\/strong> 1995-2003 (sedanas).<\/li>\n<li class=\"ai-optimize-40\"><strong>BMW E39 5 s\u0113rija,<\/strong> 1995-2003 (universalas).<\/li>\n<\/ul>\n<p class=\"ai-optimize-41\">Atjaunojiet automobi\u013ca izskatu un pie\u0161\u0137iriet agres\u012bvu un modernu stilu.<\/p>\n<p class=\"ai-optimize-42\">Erformance.eu interneta veikal\u0101 atrad\u012bsiet da\u017e\u0101dus produktus savam <a href=\"https:\/\/erformance.eu\/lv\/produkta-kategorija\/bmw\/5-serija\/e39\/\">BMW E39 PRE LCI \u2013 LCI <\/a>automobilim No maz\u0101kajiem aksesu\u0101riem l\u012bdz pla\u0161am t\u016bninga deta\u013cu kl\u0101stam.<\/p>\n<p class=\"ai-optimize-29\">Preces atrod\u0101s noliktav\u0101 Lietuv\u0101, t\u0101p\u0113c varam garant\u0113t \u0101tru pieg\u0101di (1\u20132 darba dienas).<\/p>\n","protected":false},"excerpt":{"rendered":"<h5>BMW E39 dvigubos juodos blizgios grotel\u0117s<\/h5>\n<p>&nbsp;<\/p>\n","protected":false},"featured_media":66324,"comment_status":"open","ping_status":"closed","template":"","meta":[],"product_brand":[],"product_cat":[276],"product_tag":[],"class_list":{"0":"post-66330","1":"product","2":"type-product","3":"status-publish","4":"has-post-thumbnail","6":"product_cat-e39","8":"first","9":"instock","10":"shipping-taxable","11":"purchasable","12":"product-type-simple"},"yoast_head":"<!-- This site is optimized with the Yoast SEO Premium plugin v25.2 (Yoast SEO v27.3) - https:\/\/yoast.com\/product\/yoast-seo-premium-wordpress\/ -->\n<title>BMW E39 dubult\u0101s priek\u0161\u0113j\u0101s restes (1995\u20132003), glanc\u0113tas melnas - Erformance.eu<\/title>\n<meta name=\"description\" content=\"BMW E39 dubult\u0101s priek\u0161\u0113j\u0101s restes Komplekt\u0101 2 gab. Glanc\u0113tas melnas priek\u0161\u0113j\u0101s restes BMW E39 modelim Der LCI un PRE LCI mode\u013ciem. Auk\u0161tos kokyb\u0117s dubult\u0101s priek\u0161\u0113j\u0101s restes\" \/>\n<meta name=\"robots\" content=\"index, follow, max-snippet:-1, max-image-preview:large, max-video-preview:-1\" \/>\n<link rel=\"canonical\" href=\"https:\/\/erformance.eu\/lv\/produkts\/bmw-e39-dubultas-prieksejas-restes-1995-2003-glancetas-melnas\/\" \/>\n<meta property=\"og:locale\" content=\"lv_LV\" \/>\n<meta property=\"og:type\" content=\"article\" \/>\n<meta property=\"og:title\" content=\"BMW E39 dubult\u0101s priek\u0161\u0113j\u0101s restes (1995\u20132003), glanc\u0113tas melnas\" \/>\n<meta property=\"og:description\" content=\"BMW E39 dubult\u0101s priek\u0161\u0113j\u0101s restes Komplekt\u0101 2 gab. Glanc\u0113tas melnas priek\u0161\u0113j\u0101s restes BMW E39 modelim Der LCI un PRE LCI mode\u013ciem. Auk\u0161tos kokyb\u0117s dubult\u0101s priek\u0161\u0113j\u0101s restes\" \/>\n<meta property=\"og:url\" content=\"https:\/\/erformance.eu\/lv\/produkts\/bmw-e39-dubultas-prieksejas-restes-1995-2003-glancetas-melnas\/\" \/>\n<meta property=\"og:site_name\" content=\"Erformance.eu\" \/>\n<meta property=\"article:modified_time\" content=\"2026-03-30T22:11:39+00:00\" \/>\n<meta property=\"og:image\" content=\"https:\/\/erformance.eu\/wp-content\/uploads\/2025\/01\/bmw-e39-dvigubos-groteles-lci-prelci-juodos-blizgios-1.webp\" \/>\n\t<meta property=\"og:image:width\" content=\"1080\" \/>\n\t<meta property=\"og:image:height\" content=\"1080\" \/>\n\t<meta property=\"og:image:type\" content=\"image\/webp\" \/>\n<meta name=\"twitter:card\" content=\"summary_large_image\" \/>\n<meta name=\"twitter:label1\" content=\"Est. reading time\" \/>\n\t<meta name=\"twitter:data1\" content=\"1 min\u016b\u0161u\" \/>\n<script type=\"application\/ld+json\" class=\"yoast-schema-graph\">{\"@context\":\"https:\\\/\\\/schema.org\",\"@graph\":[{\"@type\":\"WebPage\",\"@id\":\"https:\\\/\\\/erformance.eu\\\/lv\\\/produkts\\\/bmw-e39-dubultas-prieksejas-restes-1995-2003-glancetas-melnas\\\/\",\"url\":\"https:\\\/\\\/erformance.eu\\\/lv\\\/produkts\\\/bmw-e39-dubultas-prieksejas-restes-1995-2003-glancetas-melnas\\\/\",\"name\":\"BMW E39 dubult\u0101s priek\u0161\u0113j\u0101s restes (1995\u20132003), glanc\u0113tas melnas - Erformance.eu\",\"isPartOf\":{\"@id\":\"https:\\\/\\\/erformance.eu\\\/lv\\\/#website\"},\"primaryImageOfPage\":{\"@id\":\"https:\\\/\\\/erformance.eu\\\/lv\\\/produkts\\\/bmw-e39-dubultas-prieksejas-restes-1995-2003-glancetas-melnas\\\/#primaryimage\"},\"image\":{\"@id\":\"https:\\\/\\\/erformance.eu\\\/lv\\\/produkts\\\/bmw-e39-dubultas-prieksejas-restes-1995-2003-glancetas-melnas\\\/#primaryimage\"},\"thumbnailUrl\":\"https:\\\/\\\/erformance.eu\\\/wp-content\\\/uploads\\\/2025\\\/01\\\/bmw-e39-dvigubos-groteles-lci-prelci-juodos-blizgios-1.webp\",\"datePublished\":\"2025-01-27T20:44:02+00:00\",\"dateModified\":\"2026-03-30T22:11:39+00:00\",\"description\":\"BMW E39 dubult\u0101s priek\u0161\u0113j\u0101s restes Komplekt\u0101 2 gab. Glanc\u0113tas melnas priek\u0161\u0113j\u0101s restes BMW E39 modelim Der LCI un PRE LCI mode\u013ciem. Auk\u0161tos kokyb\u0117s dubult\u0101s priek\u0161\u0113j\u0101s restes\",\"breadcrumb\":{\"@id\":\"https:\\\/\\\/erformance.eu\\\/lv\\\/produkts\\\/bmw-e39-dubultas-prieksejas-restes-1995-2003-glancetas-melnas\\\/#breadcrumb\"},\"inLanguage\":\"lv-LV\",\"potentialAction\":[{\"@type\":\"ReadAction\",\"target\":[\"https:\\\/\\\/erformance.eu\\\/lv\\\/produkts\\\/bmw-e39-dubultas-prieksejas-restes-1995-2003-glancetas-melnas\\\/\"]}]},{\"@type\":\"ImageObject\",\"inLanguage\":\"lv-LV\",\"@id\":\"https:\\\/\\\/erformance.eu\\\/lv\\\/produkts\\\/bmw-e39-dubultas-prieksejas-restes-1995-2003-glancetas-melnas\\\/#primaryimage\",\"url\":\"https:\\\/\\\/erformance.eu\\\/wp-content\\\/uploads\\\/2025\\\/01\\\/bmw-e39-dvigubos-groteles-lci-prelci-juodos-blizgios-1.webp\",\"contentUrl\":\"https:\\\/\\\/erformance.eu\\\/wp-content\\\/uploads\\\/2025\\\/01\\\/bmw-e39-dvigubos-groteles-lci-prelci-juodos-blizgios-1.webp\",\"width\":1080,\"height\":1080,\"caption\":\"BMW E39 priek\u0161\u0113j\u0101s restes, melnas dubult\u0101s \u2013 galven\u0101\"},{\"@type\":\"BreadcrumbList\",\"@id\":\"https:\\\/\\\/erformance.eu\\\/lv\\\/produkts\\\/bmw-e39-dubultas-prieksejas-restes-1995-2003-glancetas-melnas\\\/#breadcrumb\",\"itemListElement\":[{\"@type\":\"ListItem\",\"position\":1,\"name\":\"Home\",\"item\":\"https:\\\/\\\/erformance.eu\\\/lv\\\/\"},{\"@type\":\"ListItem\",\"position\":2,\"name\":\"Veikals\",\"item\":\"https:\\\/\\\/erformance.eu\\\/lv\\\/veikals\\\/\"},{\"@type\":\"ListItem\",\"position\":3,\"name\":\"BMW E39 dubult\u0101s priek\u0161\u0113j\u0101s restes (1995\u20132003), glanc\u0113tas melnas\"}]},{\"@type\":\"WebSite\",\"@id\":\"https:\\\/\\\/erformance.eu\\\/lv\\\/#website\",\"url\":\"https:\\\/\\\/erformance.eu\\\/lv\\\/\",\"name\":\"Erformance.eu\",\"description\":\"Automobili\u0173 dali\u0173 parduotuv\u0117\",\"potentialAction\":[{\"@type\":\"SearchAction\",\"target\":{\"@type\":\"EntryPoint\",\"urlTemplate\":\"https:\\\/\\\/erformance.eu\\\/lv\\\/?s={search_term_string}\"},\"query-input\":{\"@type\":\"PropertyValueSpecification\",\"valueRequired\":true,\"valueName\":\"search_term_string\"}}],\"inLanguage\":\"lv-LV\"}]}<\/script>\n<!-- \/ Yoast SEO Premium plugin. -->","yoast_head_json":{"title":"BMW E39 dubult\u0101s priek\u0161\u0113j\u0101s restes (1995\u20132003), glanc\u0113tas melnas - Erformance.eu","description":"BMW E39 dubult\u0101s priek\u0161\u0113j\u0101s restes Komplekt\u0101 2 gab. Glanc\u0113tas melnas priek\u0161\u0113j\u0101s restes BMW E39 modelim Der LCI un PRE LCI mode\u013ciem. Auk\u0161tos kokyb\u0117s dubult\u0101s priek\u0161\u0113j\u0101s restes","robots":{"index":"index","follow":"follow","max-snippet":"max-snippet:-1","max-image-preview":"max-image-preview:large","max-video-preview":"max-video-preview:-1"},"canonical":"https:\/\/erformance.eu\/lv\/produkts\/bmw-e39-dubultas-prieksejas-restes-1995-2003-glancetas-melnas\/","og_locale":"lv_LV","og_type":"article","og_title":"BMW E39 dubult\u0101s priek\u0161\u0113j\u0101s restes (1995\u20132003), glanc\u0113tas melnas","og_description":"BMW E39 dubult\u0101s priek\u0161\u0113j\u0101s restes Komplekt\u0101 2 gab. Glanc\u0113tas melnas priek\u0161\u0113j\u0101s restes BMW E39 modelim Der LCI un PRE LCI mode\u013ciem. Auk\u0161tos kokyb\u0117s dubult\u0101s priek\u0161\u0113j\u0101s restes","og_url":"https:\/\/erformance.eu\/lv\/produkts\/bmw-e39-dubultas-prieksejas-restes-1995-2003-glancetas-melnas\/","og_site_name":"Erformance.eu","article_modified_time":"2026-03-30T22:11:39+00:00","og_image":[{"width":1080,"height":1080,"url":"https:\/\/erformance.eu\/wp-content\/uploads\/2025\/01\/bmw-e39-dvigubos-groteles-lci-prelci-juodos-blizgios-1.webp","type":"image\/webp"}],"twitter_card":"summary_large_image","twitter_misc":{"Est. reading time":"1 min\u016b\u0161u"},"schema":{"@context":"https:\/\/schema.org","@graph":[{"@type":"WebPage","@id":"https:\/\/erformance.eu\/lv\/produkts\/bmw-e39-dubultas-prieksejas-restes-1995-2003-glancetas-melnas\/","url":"https:\/\/erformance.eu\/lv\/produkts\/bmw-e39-dubultas-prieksejas-restes-1995-2003-glancetas-melnas\/","name":"BMW E39 dubult\u0101s priek\u0161\u0113j\u0101s restes (1995\u20132003), glanc\u0113tas melnas - Erformance.eu","isPartOf":{"@id":"https:\/\/erformance.eu\/lv\/#website"},"primaryImageOfPage":{"@id":"https:\/\/erformance.eu\/lv\/produkts\/bmw-e39-dubultas-prieksejas-restes-1995-2003-glancetas-melnas\/#primaryimage"},"image":{"@id":"https:\/\/erformance.eu\/lv\/produkts\/bmw-e39-dubultas-prieksejas-restes-1995-2003-glancetas-melnas\/#primaryimage"},"thumbnailUrl":"https:\/\/erformance.eu\/wp-content\/uploads\/2025\/01\/bmw-e39-dvigubos-groteles-lci-prelci-juodos-blizgios-1.webp","datePublished":"2025-01-27T20:44:02+00:00","dateModified":"2026-03-30T22:11:39+00:00","description":"BMW E39 dubult\u0101s priek\u0161\u0113j\u0101s restes Komplekt\u0101 2 gab. Glanc\u0113tas melnas priek\u0161\u0113j\u0101s restes BMW E39 modelim Der LCI un PRE LCI mode\u013ciem. Auk\u0161tos kokyb\u0117s dubult\u0101s priek\u0161\u0113j\u0101s restes","breadcrumb":{"@id":"https:\/\/erformance.eu\/lv\/produkts\/bmw-e39-dubultas-prieksejas-restes-1995-2003-glancetas-melnas\/#breadcrumb"},"inLanguage":"lv-LV","potentialAction":[{"@type":"ReadAction","target":["https:\/\/erformance.eu\/lv\/produkts\/bmw-e39-dubultas-prieksejas-restes-1995-2003-glancetas-melnas\/"]}]},{"@type":"ImageObject","inLanguage":"lv-LV","@id":"https:\/\/erformance.eu\/lv\/produkts\/bmw-e39-dubultas-prieksejas-restes-1995-2003-glancetas-melnas\/#primaryimage","url":"https:\/\/erformance.eu\/wp-content\/uploads\/2025\/01\/bmw-e39-dvigubos-groteles-lci-prelci-juodos-blizgios-1.webp","contentUrl":"https:\/\/erformance.eu\/wp-content\/uploads\/2025\/01\/bmw-e39-dvigubos-groteles-lci-prelci-juodos-blizgios-1.webp","width":1080,"height":1080,"caption":"BMW E39 priek\u0161\u0113j\u0101s restes, melnas dubult\u0101s \u2013 galven\u0101"},{"@type":"BreadcrumbList","@id":"https:\/\/erformance.eu\/lv\/produkts\/bmw-e39-dubultas-prieksejas-restes-1995-2003-glancetas-melnas\/#breadcrumb","itemListElement":[{"@type":"ListItem","position":1,"name":"Home","item":"https:\/\/erformance.eu\/lv\/"},{"@type":"ListItem","position":2,"name":"Veikals","item":"https:\/\/erformance.eu\/lv\/veikals\/"},{"@type":"ListItem","position":3,"name":"BMW E39 dubult\u0101s priek\u0161\u0113j\u0101s restes (1995\u20132003), glanc\u0113tas melnas"}]},{"@type":"WebSite","@id":"https:\/\/erformance.eu\/lv\/#website","url":"https:\/\/erformance.eu\/lv\/","name":"Erformance.eu","description":"Automobili\u0173 dali\u0173 parduotuv\u0117","potentialAction":[{"@type":"SearchAction","target":{"@type":"EntryPoint","urlTemplate":"https:\/\/erformance.eu\/lv\/?s={search_term_string}"},"query-input":{"@type":"PropertyValueSpecification","valueRequired":true,"valueName":"search_term_string"}}],"inLanguage":"lv-LV"}]}},"jetpack_sharing_enabled":true,"_links":{"self":[{"href":"https:\/\/erformance.eu\/lv\/wp-json\/wp\/v2\/product\/66330","targetHints":{"allow":["GET"]}}],"collection":[{"href":"https:\/\/erformance.eu\/lv\/wp-json\/wp\/v2\/product"}],"about":[{"href":"https:\/\/erformance.eu\/lv\/wp-json\/wp\/v2\/types\/product"}],"replies":[{"embeddable":true,"href":"https:\/\/erformance.eu\/lv\/wp-json\/wp\/v2\/comments?post=66330"}],"version-history":[{"count":2,"href":"https:\/\/erformance.eu\/lv\/wp-json\/wp\/v2\/product\/66330\/revisions"}],"predecessor-version":[{"id":66397,"href":"https:\/\/erformance.eu\/lv\/wp-json\/wp\/v2\/product\/66330\/revisions\/66397"}],"wp:featuredmedia":[{"embeddable":true,"href":"https:\/\/erformance.eu\/lv\/wp-json\/wp\/v2\/media\/66324"}],"wp:attachment":[{"href":"https:\/\/erformance.eu\/lv\/wp-json\/wp\/v2\/media?parent=66330"}],"wp:term":[{"taxonomy":"product_brand","embeddable":true,"href":"https:\/\/erformance.eu\/lv\/wp-json\/wp\/v2\/product_brand?post=66330"},{"taxonomy":"product_cat","embeddable":true,"href":"https:\/\/erformance.eu\/lv\/wp-json\/wp\/v2\/product_cat?post=66330"},{"taxonomy":"product_tag","embeddable":true,"href":"https:\/\/erformance.eu\/lv\/wp-json\/wp\/v2\/product_tag?post=66330"}],"curies":[{"name":"wp","href":"https:\/\/api.w.org\/{rel}","templated":true}]}}