{"id":66784,"date":"2026-04-21T20:56:59","date_gmt":"2026-04-21T17:56:59","guid":{"rendered":"https:\/\/erformance.eu\/?post_type=product&#038;p=66784"},"modified":"2026-04-21T21:16:20","modified_gmt":"2026-04-21T18:16:20","slug":"bmw-n55-downpipe-f20-f22-f30-f32-f36","status":"publish","type":"product","link":"https:\/\/erformance.eu\/lv\/produkts\/bmw-n55-downpipe-f20-f22-f30-f32-f36\/","title":{"rendered":"BMW N55 Downpipe F20 F22 F30 F32 F36"},"content":{"rendered":"<ul>\n<li class=\"ai-optimize-26 ai-optimize-introduction\">BMW N55 downpipe F20 F22 F30 F32 F36<\/li>\n<\/ul>\n<p class=\"ai-optimize-26\"><strong>Komplekt\u0105 sudaro:<\/strong><\/p>\n<ul>\n<li class=\"ai-optimize-25\">N55 downpipe i\u0161metimo vamzdis.<\/li>\n<\/ul>\n<p class=\"ai-optimize-35\"><strong>Spalva:<\/strong><\/p>\n<ul>\n<li class=\"ai-optimize-35\">Sidabrin\u0117<\/li>\n<\/ul>\n<p class=\"ai-optimize-36\"><strong>Savyb\u0117s:<\/strong><\/p>\n<ul>\n<li class=\"ai-optimize-29\">Pagaminta i\u0161 ner\u016bdijan\u010dio plieno.<\/li>\n<li class=\"ai-optimize-30\">Tvirti, auk\u0161tos kokyb\u0117s laikikliai.<\/li>\n<li class=\"ai-optimize-31\">Auk\u0161tos kokyb\u0117s downpipe i\u0161metimo vamzdis.<\/li>\n<li class=\"ai-optimize-27\">Racelab patikimas ir savo kokyb\u0119 pasi\u017eymintis gamintojas.<\/li>\n<li class=\"ai-optimize-31\">\u0160is BMW N55 downpipe tinka F20 F22 F30 F32 F36 modelians (135i\/135xi ; 235i\/235xi; 335i\/335xi ; 435i\/435xi).<\/li>\n<li class=\"ai-optimize-26\">Vidinis diametras &#8211; 70 mm.<\/li>\n<li class=\"ai-optimize-27\">I\u0161orinis diametras &#8211; 101 mm.<\/li>\n<\/ul>\n<p class=\"ai-optimize-38\"><strong>Tinkamumas:<\/strong><\/p>\n<ul>\n<li class=\"ai-optimize-25\"><strong>BMW F20 1 serija,<\/strong> 2011-2019.<\/li>\n<li class=\"ai-optimize-26\"><strong>BMW F22 2 serija, <\/strong>2013-2021.<\/li>\n<li class=\"ai-optimize-27\"><strong>BMW F30 3 serija, <\/strong>2013-2020.<\/li>\n<li class=\"ai-optimize-28\"><strong>BMW F32 4 serija,<\/strong> 2013-2021.<\/li>\n<li class=\"ai-optimize-29\"><strong>BMW F36 4 serija,<\/strong> 2013-2021<\/li>\n<\/ul>\n<p class=\"ai-optimize-41\">Atnaujinkite automobilio i\u0161vaizd\u0105 ir suteikite agresyv\u0173, bei modern\u0173 stili\u0173.<\/p>\n<p class=\"ai-optimize-42\">Erformance.eu elektronin\u0117je parduotuv\u0117je rasite \u012fvairi\u0173 preki\u0173 savo\u00a0<a href=\"https:\/\/erformance.eu\/produkto-kategorija\/bmw\/\">BMW <\/a>automobiliui. Nuo smulkiausi\u0173 pried\u0173 iki tiuning dali\u0173 plataus pasirinkimo.<\/p>\n<p class=\"ai-optimize-29\">Prek\u0117s laikomos sand\u0117lyje Lietuvoje, tod\u0117l galime garantuoti greit\u0105 pristatymo laik\u0105 (1-2 darbo dienas).<\/p>\n","protected":false},"excerpt":{"rendered":"<h5 class=\"ai-optimize-30\">BMW N55 downpipe<\/h5>\n","protected":false},"featured_media":66785,"comment_status":"open","ping_status":"closed","template":"","meta":[],"product_brand":[],"product_cat":[122,123,125,121,43,66,47,48,2768,2772,2773,2791,3356,3388,3396,3540],"product_tag":[],"class_list":{"0":"post-66784","1":"product","2":"type-product","3":"status-publish","4":"has-post-thumbnail","6":"product_cat-1-serija","7":"product_cat-2-serija","8":"product_cat-4-serija","9":"product_cat-bmw","10":"product_cat-f20-f21","11":"product_cat-f22-f23","12":"product_cat-f30-f31","13":"product_cat-f32-f33-f36","14":"product_cat-f20-f21-isores-dalys","15":"product_cat-f30-f31-isores-dalys","16":"product_cat-f32-f33-f36-isores-dalys","17":"product_cat-f22-f23-isores-dalys","18":"product_cat-f20-f21-isores-kitos-isores-dalys","19":"product_cat-f30-f31-isores-kitos-isores-dalys","20":"product_cat-f32-f33-f36-isores-kitos-isores-dalys","21":"product_cat-f22-f23-isores-kitos-isores-dalys","23":"first","24":"instock","25":"shipping-taxable","26":"purchasable","27":"product-type-simple"},"yoast_head":"<!-- This site is optimized with the Yoast SEO Premium plugin v25.2 (Yoast SEO v27.4) - https:\/\/yoast.com\/product\/yoast-seo-premium-wordpress\/ -->\n<title>BMW N55 Downpipe F20 F22 F30 F32 F36 - Erformance.eu<\/title>\n<meta name=\"description\" content=\"BMW N55 Downpipe F20 F22 F30 F32 F36. Auk\u0161tos kokyb\u0117s i\u0161metimo vamzdis. Patikimo ir auk\u0161t\u0105 kokyb\u0119 turin\u010dio Racelab gamintojo produktas.\" \/>\n<meta name=\"robots\" content=\"index, follow, max-snippet:-1, max-image-preview:large, max-video-preview:-1\" \/>\n<link rel=\"canonical\" href=\"https:\/\/erformance.eu\/lv\/produkts\/bmw-n55-downpipe-f20-f22-f30-f32-f36\/\" \/>\n<meta property=\"og:locale\" content=\"lv_LV\" \/>\n<meta property=\"og:type\" content=\"article\" \/>\n<meta property=\"og:title\" content=\"BMW N55 Downpipe F20 F22 F30 F32 F36\" \/>\n<meta property=\"og:description\" content=\"BMW N55 Downpipe F20 F22 F30 F32 F36. Auk\u0161tos kokyb\u0117s i\u0161metimo vamzdis. Patikimo ir auk\u0161t\u0105 kokyb\u0119 turin\u010dio Racelab gamintojo produktas.\" \/>\n<meta property=\"og:url\" content=\"https:\/\/erformance.eu\/lv\/produkts\/bmw-n55-downpipe-f20-f22-f30-f32-f36\/\" \/>\n<meta property=\"og:site_name\" content=\"Erformance.eu\" \/>\n<meta property=\"article:modified_time\" content=\"2026-04-21T18:16:20+00:00\" \/>\n<meta property=\"og:image\" content=\"https:\/\/erformance.eu\/wp-content\/uploads\/2026\/04\/n55-downpipe-1.webp\" \/>\n\t<meta property=\"og:image:width\" content=\"1080\" \/>\n\t<meta property=\"og:image:height\" content=\"1080\" \/>\n\t<meta property=\"og:image:type\" content=\"image\/webp\" \/>\n<meta name=\"twitter:card\" content=\"summary_large_image\" \/>\n<meta name=\"twitter:label1\" content=\"Est. reading time\" \/>\n\t<meta name=\"twitter:data1\" content=\"1 min\u016b\u0161u\" \/>\n<script type=\"application\/ld+json\" class=\"yoast-schema-graph\">{\"@context\":\"https:\\\/\\\/schema.org\",\"@graph\":[{\"@type\":\"WebPage\",\"@id\":\"https:\\\/\\\/erformance.eu\\\/lv\\\/produkts\\\/bmw-n55-downpipe-f20-f22-f30-f32-f36\\\/\",\"url\":\"https:\\\/\\\/erformance.eu\\\/lv\\\/produkts\\\/bmw-n55-downpipe-f20-f22-f30-f32-f36\\\/\",\"name\":\"BMW N55 Downpipe F20 F22 F30 F32 F36 - Erformance.eu\",\"isPartOf\":{\"@id\":\"https:\\\/\\\/erformance.eu\\\/lv\\\/#website\"},\"primaryImageOfPage\":{\"@id\":\"https:\\\/\\\/erformance.eu\\\/lv\\\/produkts\\\/bmw-n55-downpipe-f20-f22-f30-f32-f36\\\/#primaryimage\"},\"image\":{\"@id\":\"https:\\\/\\\/erformance.eu\\\/lv\\\/produkts\\\/bmw-n55-downpipe-f20-f22-f30-f32-f36\\\/#primaryimage\"},\"thumbnailUrl\":\"https:\\\/\\\/erformance.eu\\\/wp-content\\\/uploads\\\/2026\\\/04\\\/n55-downpipe-1.webp\",\"datePublished\":\"2026-04-21T17:56:59+00:00\",\"dateModified\":\"2026-04-21T18:16:20+00:00\",\"description\":\"BMW N55 Downpipe F20 F22 F30 F32 F36. Auk\u0161tos kokyb\u0117s i\u0161metimo vamzdis. Patikimo ir auk\u0161t\u0105 kokyb\u0119 turin\u010dio Racelab gamintojo produktas.\",\"breadcrumb\":{\"@id\":\"https:\\\/\\\/erformance.eu\\\/lv\\\/produkts\\\/bmw-n55-downpipe-f20-f22-f30-f32-f36\\\/#breadcrumb\"},\"inLanguage\":\"lv-LV\",\"potentialAction\":[{\"@type\":\"ReadAction\",\"target\":[\"https:\\\/\\\/erformance.eu\\\/lv\\\/produkts\\\/bmw-n55-downpipe-f20-f22-f30-f32-f36\\\/\"]}]},{\"@type\":\"ImageObject\",\"inLanguage\":\"lv-LV\",\"@id\":\"https:\\\/\\\/erformance.eu\\\/lv\\\/produkts\\\/bmw-n55-downpipe-f20-f22-f30-f32-f36\\\/#primaryimage\",\"url\":\"https:\\\/\\\/erformance.eu\\\/wp-content\\\/uploads\\\/2026\\\/04\\\/n55-downpipe-1.webp\",\"contentUrl\":\"https:\\\/\\\/erformance.eu\\\/wp-content\\\/uploads\\\/2026\\\/04\\\/n55-downpipe-1.webp\",\"width\":1080,\"height\":1080,\"caption\":\"bmw n55 downpipe i\u0161metimo vamzdis pagrindin\u0117\"},{\"@type\":\"BreadcrumbList\",\"@id\":\"https:\\\/\\\/erformance.eu\\\/lv\\\/produkts\\\/bmw-n55-downpipe-f20-f22-f30-f32-f36\\\/#breadcrumb\",\"itemListElement\":[{\"@type\":\"ListItem\",\"position\":1,\"name\":\"Home\",\"item\":\"https:\\\/\\\/erformance.eu\\\/lv\\\/\"},{\"@type\":\"ListItem\",\"position\":2,\"name\":\"Veikals\",\"item\":\"https:\\\/\\\/erformance.eu\\\/lv\\\/veikals\\\/\"},{\"@type\":\"ListItem\",\"position\":3,\"name\":\"BMW N55 Downpipe F20 F22 F30 F32 F36\"}]},{\"@type\":\"WebSite\",\"@id\":\"https:\\\/\\\/erformance.eu\\\/lv\\\/#website\",\"url\":\"https:\\\/\\\/erformance.eu\\\/lv\\\/\",\"name\":\"Erformance.eu\",\"description\":\"Automobili\u0173 dali\u0173 parduotuv\u0117\",\"potentialAction\":[{\"@type\":\"SearchAction\",\"target\":{\"@type\":\"EntryPoint\",\"urlTemplate\":\"https:\\\/\\\/erformance.eu\\\/lv\\\/?s={search_term_string}\"},\"query-input\":{\"@type\":\"PropertyValueSpecification\",\"valueRequired\":true,\"valueName\":\"search_term_string\"}}],\"inLanguage\":\"lv-LV\"}]}<\/script>\n<!-- \/ Yoast SEO Premium plugin. -->","yoast_head_json":{"title":"BMW N55 Downpipe F20 F22 F30 F32 F36 - Erformance.eu","description":"BMW N55 Downpipe F20 F22 F30 F32 F36. Auk\u0161tos kokyb\u0117s i\u0161metimo vamzdis. Patikimo ir auk\u0161t\u0105 kokyb\u0119 turin\u010dio Racelab gamintojo produktas.","robots":{"index":"index","follow":"follow","max-snippet":"max-snippet:-1","max-image-preview":"max-image-preview:large","max-video-preview":"max-video-preview:-1"},"canonical":"https:\/\/erformance.eu\/lv\/produkts\/bmw-n55-downpipe-f20-f22-f30-f32-f36\/","og_locale":"lv_LV","og_type":"article","og_title":"BMW N55 Downpipe F20 F22 F30 F32 F36","og_description":"BMW N55 Downpipe F20 F22 F30 F32 F36. Auk\u0161tos kokyb\u0117s i\u0161metimo vamzdis. Patikimo ir auk\u0161t\u0105 kokyb\u0119 turin\u010dio Racelab gamintojo produktas.","og_url":"https:\/\/erformance.eu\/lv\/produkts\/bmw-n55-downpipe-f20-f22-f30-f32-f36\/","og_site_name":"Erformance.eu","article_modified_time":"2026-04-21T18:16:20+00:00","og_image":[{"width":1080,"height":1080,"url":"https:\/\/erformance.eu\/wp-content\/uploads\/2026\/04\/n55-downpipe-1.webp","type":"image\/webp"}],"twitter_card":"summary_large_image","twitter_misc":{"Est. reading time":"1 min\u016b\u0161u"},"schema":{"@context":"https:\/\/schema.org","@graph":[{"@type":"WebPage","@id":"https:\/\/erformance.eu\/lv\/produkts\/bmw-n55-downpipe-f20-f22-f30-f32-f36\/","url":"https:\/\/erformance.eu\/lv\/produkts\/bmw-n55-downpipe-f20-f22-f30-f32-f36\/","name":"BMW N55 Downpipe F20 F22 F30 F32 F36 - Erformance.eu","isPartOf":{"@id":"https:\/\/erformance.eu\/lv\/#website"},"primaryImageOfPage":{"@id":"https:\/\/erformance.eu\/lv\/produkts\/bmw-n55-downpipe-f20-f22-f30-f32-f36\/#primaryimage"},"image":{"@id":"https:\/\/erformance.eu\/lv\/produkts\/bmw-n55-downpipe-f20-f22-f30-f32-f36\/#primaryimage"},"thumbnailUrl":"https:\/\/erformance.eu\/wp-content\/uploads\/2026\/04\/n55-downpipe-1.webp","datePublished":"2026-04-21T17:56:59+00:00","dateModified":"2026-04-21T18:16:20+00:00","description":"BMW N55 Downpipe F20 F22 F30 F32 F36. Auk\u0161tos kokyb\u0117s i\u0161metimo vamzdis. Patikimo ir auk\u0161t\u0105 kokyb\u0119 turin\u010dio Racelab gamintojo produktas.","breadcrumb":{"@id":"https:\/\/erformance.eu\/lv\/produkts\/bmw-n55-downpipe-f20-f22-f30-f32-f36\/#breadcrumb"},"inLanguage":"lv-LV","potentialAction":[{"@type":"ReadAction","target":["https:\/\/erformance.eu\/lv\/produkts\/bmw-n55-downpipe-f20-f22-f30-f32-f36\/"]}]},{"@type":"ImageObject","inLanguage":"lv-LV","@id":"https:\/\/erformance.eu\/lv\/produkts\/bmw-n55-downpipe-f20-f22-f30-f32-f36\/#primaryimage","url":"https:\/\/erformance.eu\/wp-content\/uploads\/2026\/04\/n55-downpipe-1.webp","contentUrl":"https:\/\/erformance.eu\/wp-content\/uploads\/2026\/04\/n55-downpipe-1.webp","width":1080,"height":1080,"caption":"bmw n55 downpipe i\u0161metimo vamzdis pagrindin\u0117"},{"@type":"BreadcrumbList","@id":"https:\/\/erformance.eu\/lv\/produkts\/bmw-n55-downpipe-f20-f22-f30-f32-f36\/#breadcrumb","itemListElement":[{"@type":"ListItem","position":1,"name":"Home","item":"https:\/\/erformance.eu\/lv\/"},{"@type":"ListItem","position":2,"name":"Veikals","item":"https:\/\/erformance.eu\/lv\/veikals\/"},{"@type":"ListItem","position":3,"name":"BMW N55 Downpipe F20 F22 F30 F32 F36"}]},{"@type":"WebSite","@id":"https:\/\/erformance.eu\/lv\/#website","url":"https:\/\/erformance.eu\/lv\/","name":"Erformance.eu","description":"Automobili\u0173 dali\u0173 parduotuv\u0117","potentialAction":[{"@type":"SearchAction","target":{"@type":"EntryPoint","urlTemplate":"https:\/\/erformance.eu\/lv\/?s={search_term_string}"},"query-input":{"@type":"PropertyValueSpecification","valueRequired":true,"valueName":"search_term_string"}}],"inLanguage":"lv-LV"}]}},"jetpack_sharing_enabled":true,"_links":{"self":[{"href":"https:\/\/erformance.eu\/lv\/wp-json\/wp\/v2\/product\/66784","targetHints":{"allow":["GET"]}}],"collection":[{"href":"https:\/\/erformance.eu\/lv\/wp-json\/wp\/v2\/product"}],"about":[{"href":"https:\/\/erformance.eu\/lv\/wp-json\/wp\/v2\/types\/product"}],"replies":[{"embeddable":true,"href":"https:\/\/erformance.eu\/lv\/wp-json\/wp\/v2\/comments?post=66784"}],"version-history":[{"count":3,"href":"https:\/\/erformance.eu\/lv\/wp-json\/wp\/v2\/product\/66784\/revisions"}],"predecessor-version":[{"id":66790,"href":"https:\/\/erformance.eu\/lv\/wp-json\/wp\/v2\/product\/66784\/revisions\/66790"}],"wp:featuredmedia":[{"embeddable":true,"href":"https:\/\/erformance.eu\/lv\/wp-json\/wp\/v2\/media\/66785"}],"wp:attachment":[{"href":"https:\/\/erformance.eu\/lv\/wp-json\/wp\/v2\/media?parent=66784"}],"wp:term":[{"taxonomy":"product_brand","embeddable":true,"href":"https:\/\/erformance.eu\/lv\/wp-json\/wp\/v2\/product_brand?post=66784"},{"taxonomy":"product_cat","embeddable":true,"href":"https:\/\/erformance.eu\/lv\/wp-json\/wp\/v2\/product_cat?post=66784"},{"taxonomy":"product_tag","embeddable":true,"href":"https:\/\/erformance.eu\/lv\/wp-json\/wp\/v2\/product_tag?post=66784"}],"curies":[{"name":"wp","href":"https:\/\/api.w.org\/{rel}","templated":true}]}}