{"id":66906,"date":"2026-04-24T23:18:29","date_gmt":"2026-04-24T20:18:29","guid":{"rendered":"https:\/\/erformance.eu\/?post_type=product&#038;p=66906"},"modified":"2026-04-24T23:18:30","modified_gmt":"2026-04-24T20:18:30","slug":"mercedes-x166-gl-class-12-15-oro-filtro-isiurbimo-zarna-dezine","status":"publish","type":"product","link":"https:\/\/erformance.eu\/lv\/produkts\/mercedes-x166-gl-class-12-15-oro-filtro-isiurbimo-zarna-dezine\/","title":{"rendered":"Mercedes X166 GL-Class 12-15 oro filtro \u012fsiurbimo \u017earna D\u0116\u017dIN\u0116"},"content":{"rendered":"<p>Prek\u0117: Oro filtro \u012fsiurbimo \u017earna<br \/>\nPus\u0117: De\u0161in\u0117 (keleivio pus\u0117)<br \/>\nOriginalus numeris:<\/p>\n<p>6420948897<br \/>\nA6420948897<\/p>\n<p>PASTABA: auk\u0161\u010diau pateikti numeriai yra original\u016bs dali\u0173 numeriai, kuriuos \u0161is pasi\u016blymas pakei\u010dia. Prie\u0161 pirkdami, palyginkite juos su originaliu dalies numeriu. Jei jie skiriasi net vienu simboliu, dalis netiks, neveiks arba veiks netinkamai. Tokiu atveju jos nepirkite.<br \/>\nAutomobilis:<br \/>\n\u201eMercedes-Benz M-CLASS\u201c (W166) ML, pagaminimo metai: 2011\u20132015<\/p>\n<p>350 BlueTEC 4-matic (166.024) (OM 642.826 OM 642.864) 2987ccm 258KM\/190kW 2011\/06\u20132015\/02<\/p>\n<p>\u201eMercedes-Benz GL-CLASS\u201c (X166) GL, pagaminimo metai: 2012\u20132015<\/p>\n<p>350 CDI \/ BlueTec 4-matic (166.823, 166.824) (OM 642.826) 2987ccm 258KM \/ 190kW 2012\/07-2015\/10<br \/>\n350 CDI \/ BlueTEC 4-matic (166.824) (OM 642.826) 2987ccm 249KM \/ 183kW 2012\/07-2015\/10<\/p>\n<p>\u201eMercedes-Benz GLE\u201c kup\u0117 (C292), pagaminimo metai: 2015\u20132019<\/p>\n<p>350 d 4-matic (292.323, 292.324) (OM 642.824 OM 642.826) 2987ccm 258KM\/190kW 2015\/03-2019\/10<\/p>\n<p>\u201eMercedes-Benz GLE\u201c (W166), pagaminimo metai: 2015\u20132018<\/p>\n<p>350 d 4-matic (166.024) (OM 642.826) 2987ccm 258KM\/190kW 2015\/04-2018\/10<br \/>\n350 d 4-matic (166.024) (OM 642.826) 2987ccm 249kM\/183kW 2015\/04-2018\/10<\/p>\n<p>\u201eMercedes-Benz GLS\u201c (X166), pagaminimo metai: 2015\u20132019<\/p>\n<p>350 d 4-matic (166.824) (OM 642.826) 2987ccm 258KM\/190kW 2015\/11\u20132019\/04<\/p>\n<p>Gamintojas: pakaitalas<br \/>\nTechnin\u0117 b\u016bkl\u0117: prek\u0117 yra visi\u0161kai nauja, nenaudota, nepa\u017eeista ir nesugadinta<\/p>\n","protected":false},"excerpt":{"rendered":"<p>1. Prek\u0117: Oro filtro \u012fsiurbimo \u017earna<\/p>\n<p>2. Pus\u0117: de\u0161in\u0117<\/p>\n<p>3. Gamintojas: pakeitimas<\/p>\n<p>4. Automobilis:<\/p>\n<p>* \u201eMercedes W166\u201c M klas\u0117s 11\u201315 m.<\/p>\n<p>*Mercedes X166 GL-klas\u0117 12-15<\/p>\n<p>* \u201eMercedes C292 GLE\u201c klas\u0117 15\u201319<\/p>\n<p>* \u201eMercedes W166 GLE\u201c klas\u0117 15\u201318<\/p>\n<p>* \u201eMercedes X166 GLS\u201c klas\u0117 15\u201319<\/p>\n","protected":false},"featured_media":66907,"comment_status":"open","ping_status":"closed","template":"","meta":[],"product_brand":[],"product_cat":[145],"product_tag":[],"class_list":{"0":"post-66906","1":"product","2":"type-product","3":"status-publish","4":"has-post-thumbnail","6":"product_cat-mercedes-benz","8":"first","9":"instock","10":"shipping-taxable","11":"purchasable","12":"product-type-simple"},"yoast_head":"<!-- This site is optimized with the Yoast SEO Premium plugin v25.2 (Yoast SEO v27.4) - https:\/\/yoast.com\/product\/yoast-seo-premium-wordpress\/ -->\n<title>Mercedes X166 GL-Class 12-15 oro filtro \u012fsiurbimo \u017earna D\u0116\u017dIN\u0116 - Erformance.eu<\/title>\n<meta name=\"robots\" content=\"index, follow, max-snippet:-1, max-image-preview:large, max-video-preview:-1\" \/>\n<link rel=\"canonical\" href=\"https:\/\/erformance.eu\/lv\/produkts\/mercedes-x166-gl-class-12-15-oro-filtro-isiurbimo-zarna-dezine\/\" \/>\n<meta property=\"og:locale\" content=\"lv_LV\" \/>\n<meta property=\"og:type\" content=\"article\" \/>\n<meta property=\"og:title\" content=\"Mercedes X166 GL-Class 12-15 oro filtro \u012fsiurbimo \u017earna D\u0116\u017dIN\u0116\" \/>\n<meta property=\"og:description\" content=\"1. Prek\u0117: Oro filtro \u012fsiurbimo \u017earna 2. Pus\u0117: de\u0161in\u0117 3. Gamintojas: pakeitimas 4. Automobilis: * \u201eMercedes W166\u201c M klas\u0117s 11\u201315 m. *Mercedes X166 GL-klas\u0117 12-15 * \u201eMercedes C292 GLE\u201c klas\u0117 15\u201319 * \u201eMercedes W166 GLE\u201c klas\u0117 15\u201318 * \u201eMercedes X166 GLS\u201c klas\u0117 15\u201319\" \/>\n<meta property=\"og:url\" content=\"https:\/\/erformance.eu\/lv\/produkts\/mercedes-x166-gl-class-12-15-oro-filtro-isiurbimo-zarna-dezine\/\" \/>\n<meta property=\"og:site_name\" content=\"Erformance.eu\" \/>\n<meta property=\"article:modified_time\" content=\"2026-04-24T20:18:30+00:00\" \/>\n<meta name=\"twitter:card\" content=\"summary_large_image\" \/>\n<meta name=\"twitter:label1\" content=\"Est. reading time\" \/>\n\t<meta name=\"twitter:data1\" content=\"1 min\u016b\u0161u\" \/>\n<script type=\"application\/ld+json\" class=\"yoast-schema-graph\">{\"@context\":\"https:\\\/\\\/schema.org\",\"@graph\":[{\"@type\":\"WebPage\",\"@id\":\"https:\\\/\\\/erformance.eu\\\/lv\\\/produkts\\\/mercedes-x166-gl-class-12-15-oro-filtro-isiurbimo-zarna-dezine\\\/\",\"url\":\"https:\\\/\\\/erformance.eu\\\/lv\\\/produkts\\\/mercedes-x166-gl-class-12-15-oro-filtro-isiurbimo-zarna-dezine\\\/\",\"name\":\"Mercedes X166 GL-Class 12-15 oro filtro \u012fsiurbimo \u017earna D\u0116\u017dIN\u0116 - Erformance.eu\",\"isPartOf\":{\"@id\":\"https:\\\/\\\/erformance.eu\\\/lv\\\/#website\"},\"primaryImageOfPage\":{\"@id\":\"https:\\\/\\\/erformance.eu\\\/lv\\\/produkts\\\/mercedes-x166-gl-class-12-15-oro-filtro-isiurbimo-zarna-dezine\\\/#primaryimage\"},\"image\":{\"@id\":\"https:\\\/\\\/erformance.eu\\\/lv\\\/produkts\\\/mercedes-x166-gl-class-12-15-oro-filtro-isiurbimo-zarna-dezine\\\/#primaryimage\"},\"thumbnailUrl\":\"https:\\\/\\\/erformance.eu\\\/wp-content\\\/uploads\\\/2026\\\/04\\\/pol_pm_Mercedes-X166-GL-Klasa-12-15-waz-dolotowy-filtra-powietrza-PRAWY-32760_10.jpg\",\"datePublished\":\"2026-04-24T20:18:29+00:00\",\"dateModified\":\"2026-04-24T20:18:30+00:00\",\"breadcrumb\":{\"@id\":\"https:\\\/\\\/erformance.eu\\\/lv\\\/produkts\\\/mercedes-x166-gl-class-12-15-oro-filtro-isiurbimo-zarna-dezine\\\/#breadcrumb\"},\"inLanguage\":\"lv-LV\",\"potentialAction\":[{\"@type\":\"ReadAction\",\"target\":[\"https:\\\/\\\/erformance.eu\\\/lv\\\/produkts\\\/mercedes-x166-gl-class-12-15-oro-filtro-isiurbimo-zarna-dezine\\\/\"]}]},{\"@type\":\"ImageObject\",\"inLanguage\":\"lv-LV\",\"@id\":\"https:\\\/\\\/erformance.eu\\\/lv\\\/produkts\\\/mercedes-x166-gl-class-12-15-oro-filtro-isiurbimo-zarna-dezine\\\/#primaryimage\",\"url\":\"https:\\\/\\\/erformance.eu\\\/wp-content\\\/uploads\\\/2026\\\/04\\\/pol_pm_Mercedes-X166-GL-Klasa-12-15-waz-dolotowy-filtra-powietrza-PRAWY-32760_10.jpg\",\"contentUrl\":\"https:\\\/\\\/erformance.eu\\\/wp-content\\\/uploads\\\/2026\\\/04\\\/pol_pm_Mercedes-X166-GL-Klasa-12-15-waz-dolotowy-filtra-powietrza-PRAWY-32760_10.jpg\",\"width\":1200,\"height\":1200},{\"@type\":\"BreadcrumbList\",\"@id\":\"https:\\\/\\\/erformance.eu\\\/lv\\\/produkts\\\/mercedes-x166-gl-class-12-15-oro-filtro-isiurbimo-zarna-dezine\\\/#breadcrumb\",\"itemListElement\":[{\"@type\":\"ListItem\",\"position\":1,\"name\":\"Home\",\"item\":\"https:\\\/\\\/erformance.eu\\\/lv\\\/\"},{\"@type\":\"ListItem\",\"position\":2,\"name\":\"Veikals\",\"item\":\"https:\\\/\\\/erformance.eu\\\/lv\\\/veikals\\\/\"},{\"@type\":\"ListItem\",\"position\":3,\"name\":\"Mercedes X166 GL-Class 12-15 oro filtro \u012fsiurbimo \u017earna D\u0116\u017dIN\u0116\"}]},{\"@type\":\"WebSite\",\"@id\":\"https:\\\/\\\/erformance.eu\\\/lv\\\/#website\",\"url\":\"https:\\\/\\\/erformance.eu\\\/lv\\\/\",\"name\":\"Erformance.eu\",\"description\":\"Automobili\u0173 dali\u0173 parduotuv\u0117\",\"potentialAction\":[{\"@type\":\"SearchAction\",\"target\":{\"@type\":\"EntryPoint\",\"urlTemplate\":\"https:\\\/\\\/erformance.eu\\\/lv\\\/?s={search_term_string}\"},\"query-input\":{\"@type\":\"PropertyValueSpecification\",\"valueRequired\":true,\"valueName\":\"search_term_string\"}}],\"inLanguage\":\"lv-LV\"}]}<\/script>\n<!-- \/ Yoast SEO Premium plugin. -->","yoast_head_json":{"title":"Mercedes X166 GL-Class 12-15 oro filtro \u012fsiurbimo \u017earna D\u0116\u017dIN\u0116 - Erformance.eu","robots":{"index":"index","follow":"follow","max-snippet":"max-snippet:-1","max-image-preview":"max-image-preview:large","max-video-preview":"max-video-preview:-1"},"canonical":"https:\/\/erformance.eu\/lv\/produkts\/mercedes-x166-gl-class-12-15-oro-filtro-isiurbimo-zarna-dezine\/","og_locale":"lv_LV","og_type":"article","og_title":"Mercedes X166 GL-Class 12-15 oro filtro \u012fsiurbimo \u017earna D\u0116\u017dIN\u0116","og_description":"1. Prek\u0117: Oro filtro \u012fsiurbimo \u017earna 2. Pus\u0117: de\u0161in\u0117 3. Gamintojas: pakeitimas 4. Automobilis: * \u201eMercedes W166\u201c M klas\u0117s 11\u201315 m. *Mercedes X166 GL-klas\u0117 12-15 * \u201eMercedes C292 GLE\u201c klas\u0117 15\u201319 * \u201eMercedes W166 GLE\u201c klas\u0117 15\u201318 * \u201eMercedes X166 GLS\u201c klas\u0117 15\u201319","og_url":"https:\/\/erformance.eu\/lv\/produkts\/mercedes-x166-gl-class-12-15-oro-filtro-isiurbimo-zarna-dezine\/","og_site_name":"Erformance.eu","article_modified_time":"2026-04-24T20:18:30+00:00","twitter_card":"summary_large_image","twitter_misc":{"Est. reading time":"1 min\u016b\u0161u"},"schema":{"@context":"https:\/\/schema.org","@graph":[{"@type":"WebPage","@id":"https:\/\/erformance.eu\/lv\/produkts\/mercedes-x166-gl-class-12-15-oro-filtro-isiurbimo-zarna-dezine\/","url":"https:\/\/erformance.eu\/lv\/produkts\/mercedes-x166-gl-class-12-15-oro-filtro-isiurbimo-zarna-dezine\/","name":"Mercedes X166 GL-Class 12-15 oro filtro \u012fsiurbimo \u017earna D\u0116\u017dIN\u0116 - Erformance.eu","isPartOf":{"@id":"https:\/\/erformance.eu\/lv\/#website"},"primaryImageOfPage":{"@id":"https:\/\/erformance.eu\/lv\/produkts\/mercedes-x166-gl-class-12-15-oro-filtro-isiurbimo-zarna-dezine\/#primaryimage"},"image":{"@id":"https:\/\/erformance.eu\/lv\/produkts\/mercedes-x166-gl-class-12-15-oro-filtro-isiurbimo-zarna-dezine\/#primaryimage"},"thumbnailUrl":"https:\/\/erformance.eu\/wp-content\/uploads\/2026\/04\/pol_pm_Mercedes-X166-GL-Klasa-12-15-waz-dolotowy-filtra-powietrza-PRAWY-32760_10.jpg","datePublished":"2026-04-24T20:18:29+00:00","dateModified":"2026-04-24T20:18:30+00:00","breadcrumb":{"@id":"https:\/\/erformance.eu\/lv\/produkts\/mercedes-x166-gl-class-12-15-oro-filtro-isiurbimo-zarna-dezine\/#breadcrumb"},"inLanguage":"lv-LV","potentialAction":[{"@type":"ReadAction","target":["https:\/\/erformance.eu\/lv\/produkts\/mercedes-x166-gl-class-12-15-oro-filtro-isiurbimo-zarna-dezine\/"]}]},{"@type":"ImageObject","inLanguage":"lv-LV","@id":"https:\/\/erformance.eu\/lv\/produkts\/mercedes-x166-gl-class-12-15-oro-filtro-isiurbimo-zarna-dezine\/#primaryimage","url":"https:\/\/erformance.eu\/wp-content\/uploads\/2026\/04\/pol_pm_Mercedes-X166-GL-Klasa-12-15-waz-dolotowy-filtra-powietrza-PRAWY-32760_10.jpg","contentUrl":"https:\/\/erformance.eu\/wp-content\/uploads\/2026\/04\/pol_pm_Mercedes-X166-GL-Klasa-12-15-waz-dolotowy-filtra-powietrza-PRAWY-32760_10.jpg","width":1200,"height":1200},{"@type":"BreadcrumbList","@id":"https:\/\/erformance.eu\/lv\/produkts\/mercedes-x166-gl-class-12-15-oro-filtro-isiurbimo-zarna-dezine\/#breadcrumb","itemListElement":[{"@type":"ListItem","position":1,"name":"Home","item":"https:\/\/erformance.eu\/lv\/"},{"@type":"ListItem","position":2,"name":"Veikals","item":"https:\/\/erformance.eu\/lv\/veikals\/"},{"@type":"ListItem","position":3,"name":"Mercedes X166 GL-Class 12-15 oro filtro \u012fsiurbimo \u017earna D\u0116\u017dIN\u0116"}]},{"@type":"WebSite","@id":"https:\/\/erformance.eu\/lv\/#website","url":"https:\/\/erformance.eu\/lv\/","name":"Erformance.eu","description":"Automobili\u0173 dali\u0173 parduotuv\u0117","potentialAction":[{"@type":"SearchAction","target":{"@type":"EntryPoint","urlTemplate":"https:\/\/erformance.eu\/lv\/?s={search_term_string}"},"query-input":{"@type":"PropertyValueSpecification","valueRequired":true,"valueName":"search_term_string"}}],"inLanguage":"lv-LV"}]}},"jetpack_sharing_enabled":true,"_links":{"self":[{"href":"https:\/\/erformance.eu\/lv\/wp-json\/wp\/v2\/product\/66906","targetHints":{"allow":["GET"]}}],"collection":[{"href":"https:\/\/erformance.eu\/lv\/wp-json\/wp\/v2\/product"}],"about":[{"href":"https:\/\/erformance.eu\/lv\/wp-json\/wp\/v2\/types\/product"}],"replies":[{"embeddable":true,"href":"https:\/\/erformance.eu\/lv\/wp-json\/wp\/v2\/comments?post=66906"}],"version-history":[{"count":1,"href":"https:\/\/erformance.eu\/lv\/wp-json\/wp\/v2\/product\/66906\/revisions"}],"predecessor-version":[{"id":66908,"href":"https:\/\/erformance.eu\/lv\/wp-json\/wp\/v2\/product\/66906\/revisions\/66908"}],"wp:featuredmedia":[{"embeddable":true,"href":"https:\/\/erformance.eu\/lv\/wp-json\/wp\/v2\/media\/66907"}],"wp:attachment":[{"href":"https:\/\/erformance.eu\/lv\/wp-json\/wp\/v2\/media?parent=66906"}],"wp:term":[{"taxonomy":"product_brand","embeddable":true,"href":"https:\/\/erformance.eu\/lv\/wp-json\/wp\/v2\/product_brand?post=66906"},{"taxonomy":"product_cat","embeddable":true,"href":"https:\/\/erformance.eu\/lv\/wp-json\/wp\/v2\/product_cat?post=66906"},{"taxonomy":"product_tag","embeddable":true,"href":"https:\/\/erformance.eu\/lv\/wp-json\/wp\/v2\/product_tag?post=66906"}],"curies":[{"name":"wp","href":"https:\/\/api.w.org\/{rel}","templated":true}]}}