{"id":66927,"date":"2026-04-24T23:18:40","date_gmt":"2026-04-24T20:18:40","guid":{"rendered":"https:\/\/erformance.eu\/?post_type=product&#038;p=66927"},"modified":"2026-04-24T23:18:41","modified_gmt":"2026-04-24T20:18:41","slug":"mercedes-w463-g-klases-97-19-priekiniu-vidiniu-kairiuju-duru-rankena","status":"publish","type":"product","link":"https:\/\/erformance.eu\/lv\/produkts\/mercedes-w463-g-klases-97-19-priekiniu-vidiniu-kairiuju-duru-rankena\/","title":{"rendered":"Mercedes W463 G klas\u0117s 97-19 priekini\u0173 vidini\u0173 kairi\u0173j\u0173 dur\u0173 rankena"},"content":{"rendered":"<p>Prek\u0117: priekini\u0173 vidini\u0173 dur\u0173 rankena<br \/>\nPus\u0117: Kair\u0117 (vairuotojo pus\u0117)<br \/>\nOriginalus numeris: A4637600161<br \/>\nPASTABA: auk\u0161\u010diau pateikti numeriai yra original\u016bs dali\u0173 numeriai, kuriuos \u0161is pasi\u016blymas pakei\u010dia. Prie\u0161 pirkdami, palyginkite juos su originaliu dalies numeriu. Jei jie skiriasi net vienu simboliu, dalis netiks, neveiks arba veiks netinkamai. Tokiu atveju jos nepirkite.<br \/>\nAutomobilis: Mercedes W463 G klas\u0117<br \/>\nPagaminimo metai: 1997\u20132019<br \/>\nSpalva: juodas korpusas su chromuota rankena<br \/>\nGamintojas: pakaitalas<br \/>\nTechnin\u0117 b\u016bkl\u0117: prek\u0117 yra visi\u0161kai nauja, nenaudota, nepa\u017eeista ir nesugadinta<\/p>\n","protected":false},"excerpt":{"rendered":"<p>1. Prek\u0117: Vidin\u0117 dur\u0173 rankena priekin\u0117ms durims<\/p>\n<p>2. Pus\u0117: kair\u0117<\/p>\n<p>3. Gamintojas: pakeitimas<\/p>\n<p>4. Spalva: juodas korpusas su chromuota rankena<\/p>\n<p>5. Automobilis: \u201eMercedes W463 G\u201c klas\u0117<\/p>\n<p>6. Pagaminimo metai: 1997\u20132019<\/p>\n","protected":false},"featured_media":66928,"comment_status":"open","ping_status":"closed","template":"","meta":[],"product_brand":[],"product_cat":[145],"product_tag":[],"class_list":{"0":"post-66927","1":"product","2":"type-product","3":"status-publish","4":"has-post-thumbnail","6":"product_cat-mercedes-benz","8":"first","9":"instock","10":"shipping-taxable","11":"purchasable","12":"product-type-simple"},"yoast_head":"<!-- This site is optimized with the Yoast SEO Premium plugin v25.2 (Yoast SEO v27.4) - https:\/\/yoast.com\/product\/yoast-seo-premium-wordpress\/ -->\n<title>Mercedes W463 G klas\u0117s 97-19 priekini\u0173 vidini\u0173 kairi\u0173j\u0173 dur\u0173 rankena - Erformance.eu<\/title>\n<meta name=\"robots\" content=\"index, follow, max-snippet:-1, max-image-preview:large, max-video-preview:-1\" \/>\n<link rel=\"canonical\" href=\"https:\/\/erformance.eu\/lv\/produkts\/mercedes-w463-g-klases-97-19-priekiniu-vidiniu-kairiuju-duru-rankena\/\" \/>\n<meta property=\"og:locale\" content=\"lv_LV\" \/>\n<meta property=\"og:type\" content=\"article\" \/>\n<meta property=\"og:title\" content=\"Mercedes W463 G klas\u0117s 97-19 priekini\u0173 vidini\u0173 kairi\u0173j\u0173 dur\u0173 rankena\" \/>\n<meta property=\"og:description\" content=\"1. Prek\u0117: Vidin\u0117 dur\u0173 rankena priekin\u0117ms durims 2. Pus\u0117: kair\u0117 3. Gamintojas: pakeitimas 4. Spalva: juodas korpusas su chromuota rankena 5. Automobilis: \u201eMercedes W463 G\u201c klas\u0117 6. Pagaminimo metai: 1997\u20132019\" \/>\n<meta property=\"og:url\" content=\"https:\/\/erformance.eu\/lv\/produkts\/mercedes-w463-g-klases-97-19-priekiniu-vidiniu-kairiuju-duru-rankena\/\" \/>\n<meta property=\"og:site_name\" content=\"Erformance.eu\" \/>\n<meta property=\"article:modified_time\" content=\"2026-04-24T20:18:41+00:00\" \/>\n<meta name=\"twitter:card\" content=\"summary_large_image\" \/>\n<script type=\"application\/ld+json\" class=\"yoast-schema-graph\">{\"@context\":\"https:\\\/\\\/schema.org\",\"@graph\":[{\"@type\":\"WebPage\",\"@id\":\"https:\\\/\\\/erformance.eu\\\/lv\\\/produkts\\\/mercedes-w463-g-klases-97-19-priekiniu-vidiniu-kairiuju-duru-rankena\\\/\",\"url\":\"https:\\\/\\\/erformance.eu\\\/lv\\\/produkts\\\/mercedes-w463-g-klases-97-19-priekiniu-vidiniu-kairiuju-duru-rankena\\\/\",\"name\":\"Mercedes W463 G klas\u0117s 97-19 priekini\u0173 vidini\u0173 kairi\u0173j\u0173 dur\u0173 rankena - Erformance.eu\",\"isPartOf\":{\"@id\":\"https:\\\/\\\/erformance.eu\\\/lv\\\/#website\"},\"primaryImageOfPage\":{\"@id\":\"https:\\\/\\\/erformance.eu\\\/lv\\\/produkts\\\/mercedes-w463-g-klases-97-19-priekiniu-vidiniu-kairiuju-duru-rankena\\\/#primaryimage\"},\"image\":{\"@id\":\"https:\\\/\\\/erformance.eu\\\/lv\\\/produkts\\\/mercedes-w463-g-klases-97-19-priekiniu-vidiniu-kairiuju-duru-rankena\\\/#primaryimage\"},\"thumbnailUrl\":\"https:\\\/\\\/erformance.eu\\\/wp-content\\\/uploads\\\/2026\\\/04\\\/pol_pm_Mercedes-W463-G-Klasa-97-19-klamka-przednia-wewnetrzna-lewa-20683_6.jpg\",\"datePublished\":\"2026-04-24T20:18:40+00:00\",\"dateModified\":\"2026-04-24T20:18:41+00:00\",\"breadcrumb\":{\"@id\":\"https:\\\/\\\/erformance.eu\\\/lv\\\/produkts\\\/mercedes-w463-g-klases-97-19-priekiniu-vidiniu-kairiuju-duru-rankena\\\/#breadcrumb\"},\"inLanguage\":\"lv-LV\",\"potentialAction\":[{\"@type\":\"ReadAction\",\"target\":[\"https:\\\/\\\/erformance.eu\\\/lv\\\/produkts\\\/mercedes-w463-g-klases-97-19-priekiniu-vidiniu-kairiuju-duru-rankena\\\/\"]}]},{\"@type\":\"ImageObject\",\"inLanguage\":\"lv-LV\",\"@id\":\"https:\\\/\\\/erformance.eu\\\/lv\\\/produkts\\\/mercedes-w463-g-klases-97-19-priekiniu-vidiniu-kairiuju-duru-rankena\\\/#primaryimage\",\"url\":\"https:\\\/\\\/erformance.eu\\\/wp-content\\\/uploads\\\/2026\\\/04\\\/pol_pm_Mercedes-W463-G-Klasa-97-19-klamka-przednia-wewnetrzna-lewa-20683_6.jpg\",\"contentUrl\":\"https:\\\/\\\/erformance.eu\\\/wp-content\\\/uploads\\\/2026\\\/04\\\/pol_pm_Mercedes-W463-G-Klasa-97-19-klamka-przednia-wewnetrzna-lewa-20683_6.jpg\",\"width\":1200,\"height\":900},{\"@type\":\"BreadcrumbList\",\"@id\":\"https:\\\/\\\/erformance.eu\\\/lv\\\/produkts\\\/mercedes-w463-g-klases-97-19-priekiniu-vidiniu-kairiuju-duru-rankena\\\/#breadcrumb\",\"itemListElement\":[{\"@type\":\"ListItem\",\"position\":1,\"name\":\"Home\",\"item\":\"https:\\\/\\\/erformance.eu\\\/lv\\\/\"},{\"@type\":\"ListItem\",\"position\":2,\"name\":\"Veikals\",\"item\":\"https:\\\/\\\/erformance.eu\\\/lv\\\/veikals\\\/\"},{\"@type\":\"ListItem\",\"position\":3,\"name\":\"Mercedes W463 G klas\u0117s 97-19 priekini\u0173 vidini\u0173 kairi\u0173j\u0173 dur\u0173 rankena\"}]},{\"@type\":\"WebSite\",\"@id\":\"https:\\\/\\\/erformance.eu\\\/lv\\\/#website\",\"url\":\"https:\\\/\\\/erformance.eu\\\/lv\\\/\",\"name\":\"Erformance.eu\",\"description\":\"Automobili\u0173 dali\u0173 parduotuv\u0117\",\"potentialAction\":[{\"@type\":\"SearchAction\",\"target\":{\"@type\":\"EntryPoint\",\"urlTemplate\":\"https:\\\/\\\/erformance.eu\\\/lv\\\/?s={search_term_string}\"},\"query-input\":{\"@type\":\"PropertyValueSpecification\",\"valueRequired\":true,\"valueName\":\"search_term_string\"}}],\"inLanguage\":\"lv-LV\"}]}<\/script>\n<!-- \/ Yoast SEO Premium plugin. -->","yoast_head_json":{"title":"Mercedes W463 G klas\u0117s 97-19 priekini\u0173 vidini\u0173 kairi\u0173j\u0173 dur\u0173 rankena - Erformance.eu","robots":{"index":"index","follow":"follow","max-snippet":"max-snippet:-1","max-image-preview":"max-image-preview:large","max-video-preview":"max-video-preview:-1"},"canonical":"https:\/\/erformance.eu\/lv\/produkts\/mercedes-w463-g-klases-97-19-priekiniu-vidiniu-kairiuju-duru-rankena\/","og_locale":"lv_LV","og_type":"article","og_title":"Mercedes W463 G klas\u0117s 97-19 priekini\u0173 vidini\u0173 kairi\u0173j\u0173 dur\u0173 rankena","og_description":"1. Prek\u0117: Vidin\u0117 dur\u0173 rankena priekin\u0117ms durims 2. Pus\u0117: kair\u0117 3. Gamintojas: pakeitimas 4. Spalva: juodas korpusas su chromuota rankena 5. Automobilis: \u201eMercedes W463 G\u201c klas\u0117 6. Pagaminimo metai: 1997\u20132019","og_url":"https:\/\/erformance.eu\/lv\/produkts\/mercedes-w463-g-klases-97-19-priekiniu-vidiniu-kairiuju-duru-rankena\/","og_site_name":"Erformance.eu","article_modified_time":"2026-04-24T20:18:41+00:00","twitter_card":"summary_large_image","schema":{"@context":"https:\/\/schema.org","@graph":[{"@type":"WebPage","@id":"https:\/\/erformance.eu\/lv\/produkts\/mercedes-w463-g-klases-97-19-priekiniu-vidiniu-kairiuju-duru-rankena\/","url":"https:\/\/erformance.eu\/lv\/produkts\/mercedes-w463-g-klases-97-19-priekiniu-vidiniu-kairiuju-duru-rankena\/","name":"Mercedes W463 G klas\u0117s 97-19 priekini\u0173 vidini\u0173 kairi\u0173j\u0173 dur\u0173 rankena - Erformance.eu","isPartOf":{"@id":"https:\/\/erformance.eu\/lv\/#website"},"primaryImageOfPage":{"@id":"https:\/\/erformance.eu\/lv\/produkts\/mercedes-w463-g-klases-97-19-priekiniu-vidiniu-kairiuju-duru-rankena\/#primaryimage"},"image":{"@id":"https:\/\/erformance.eu\/lv\/produkts\/mercedes-w463-g-klases-97-19-priekiniu-vidiniu-kairiuju-duru-rankena\/#primaryimage"},"thumbnailUrl":"https:\/\/erformance.eu\/wp-content\/uploads\/2026\/04\/pol_pm_Mercedes-W463-G-Klasa-97-19-klamka-przednia-wewnetrzna-lewa-20683_6.jpg","datePublished":"2026-04-24T20:18:40+00:00","dateModified":"2026-04-24T20:18:41+00:00","breadcrumb":{"@id":"https:\/\/erformance.eu\/lv\/produkts\/mercedes-w463-g-klases-97-19-priekiniu-vidiniu-kairiuju-duru-rankena\/#breadcrumb"},"inLanguage":"lv-LV","potentialAction":[{"@type":"ReadAction","target":["https:\/\/erformance.eu\/lv\/produkts\/mercedes-w463-g-klases-97-19-priekiniu-vidiniu-kairiuju-duru-rankena\/"]}]},{"@type":"ImageObject","inLanguage":"lv-LV","@id":"https:\/\/erformance.eu\/lv\/produkts\/mercedes-w463-g-klases-97-19-priekiniu-vidiniu-kairiuju-duru-rankena\/#primaryimage","url":"https:\/\/erformance.eu\/wp-content\/uploads\/2026\/04\/pol_pm_Mercedes-W463-G-Klasa-97-19-klamka-przednia-wewnetrzna-lewa-20683_6.jpg","contentUrl":"https:\/\/erformance.eu\/wp-content\/uploads\/2026\/04\/pol_pm_Mercedes-W463-G-Klasa-97-19-klamka-przednia-wewnetrzna-lewa-20683_6.jpg","width":1200,"height":900},{"@type":"BreadcrumbList","@id":"https:\/\/erformance.eu\/lv\/produkts\/mercedes-w463-g-klases-97-19-priekiniu-vidiniu-kairiuju-duru-rankena\/#breadcrumb","itemListElement":[{"@type":"ListItem","position":1,"name":"Home","item":"https:\/\/erformance.eu\/lv\/"},{"@type":"ListItem","position":2,"name":"Veikals","item":"https:\/\/erformance.eu\/lv\/veikals\/"},{"@type":"ListItem","position":3,"name":"Mercedes W463 G klas\u0117s 97-19 priekini\u0173 vidini\u0173 kairi\u0173j\u0173 dur\u0173 rankena"}]},{"@type":"WebSite","@id":"https:\/\/erformance.eu\/lv\/#website","url":"https:\/\/erformance.eu\/lv\/","name":"Erformance.eu","description":"Automobili\u0173 dali\u0173 parduotuv\u0117","potentialAction":[{"@type":"SearchAction","target":{"@type":"EntryPoint","urlTemplate":"https:\/\/erformance.eu\/lv\/?s={search_term_string}"},"query-input":{"@type":"PropertyValueSpecification","valueRequired":true,"valueName":"search_term_string"}}],"inLanguage":"lv-LV"}]}},"jetpack_sharing_enabled":true,"_links":{"self":[{"href":"https:\/\/erformance.eu\/lv\/wp-json\/wp\/v2\/product\/66927","targetHints":{"allow":["GET"]}}],"collection":[{"href":"https:\/\/erformance.eu\/lv\/wp-json\/wp\/v2\/product"}],"about":[{"href":"https:\/\/erformance.eu\/lv\/wp-json\/wp\/v2\/types\/product"}],"replies":[{"embeddable":true,"href":"https:\/\/erformance.eu\/lv\/wp-json\/wp\/v2\/comments?post=66927"}],"version-history":[{"count":1,"href":"https:\/\/erformance.eu\/lv\/wp-json\/wp\/v2\/product\/66927\/revisions"}],"predecessor-version":[{"id":66929,"href":"https:\/\/erformance.eu\/lv\/wp-json\/wp\/v2\/product\/66927\/revisions\/66929"}],"wp:featuredmedia":[{"embeddable":true,"href":"https:\/\/erformance.eu\/lv\/wp-json\/wp\/v2\/media\/66928"}],"wp:attachment":[{"href":"https:\/\/erformance.eu\/lv\/wp-json\/wp\/v2\/media?parent=66927"}],"wp:term":[{"taxonomy":"product_brand","embeddable":true,"href":"https:\/\/erformance.eu\/lv\/wp-json\/wp\/v2\/product_brand?post=66927"},{"taxonomy":"product_cat","embeddable":true,"href":"https:\/\/erformance.eu\/lv\/wp-json\/wp\/v2\/product_cat?post=66927"},{"taxonomy":"product_tag","embeddable":true,"href":"https:\/\/erformance.eu\/lv\/wp-json\/wp\/v2\/product_tag?post=66927"}],"curies":[{"name":"wp","href":"https:\/\/api.w.org\/{rel}","templated":true}]}}