{"id":66948,"date":"2026-04-24T23:18:51","date_gmt":"2026-04-24T20:18:51","guid":{"rendered":"https:\/\/erformance.eu\/?post_type=product&#038;p=66948"},"modified":"2026-04-24T23:18:52","modified_gmt":"2026-04-24T20:18:52","slug":"mercedes-benz-b-class-w246-w242-11-18-variklio-dangcio-uzrakto-daviklis","status":"publish","type":"product","link":"https:\/\/erformance.eu\/lv\/produkts\/mercedes-benz-b-class-w246-w242-11-18-variklio-dangcio-uzrakto-daviklis\/","title":{"rendered":"Mercedes-Benz B-CLASS W246, W242 11-18 variklio dang\u010dio u\u017erakto daviklis"},"content":{"rendered":"<p>Prek\u0117: Kapoto u\u017erakto jutiklis<br \/>\nOriginalus numeris:<\/p>\n<p>A2468700558<br \/>\n2468700558<\/p>\n<p>PASTABA: auk\u0161\u010diau pateikti numeriai yra original\u016bs dali\u0173 numeriai, kuriuos \u0161is pasi\u016blymas pakei\u010dia. Prie\u0161 pirkdami, palyginkite juos su originaliu dalies numeriu. Jei jie skiriasi net vienu simboliu, dalis netiks, neveiks arba veiks netinkamai. Tokiu atveju jos nepirkite.<br \/>\nAutomobilis:<\/p>\n<p>\u201eMercedes-Benz CLA Shooting Brake\u201c (X117) gamybos metai: 2015\u20132019<br \/>\n\u201eMercedes-Benz CLA\u201c kup\u0117 (C117) gamybos metai: 2013\u20132019<br \/>\n\u201eMercedes-Benz B-CLASS Sports Tourer\u201c (W246, W242) gamybos metai: 2011\u20132018<br \/>\n\u201eMercedes-Benz GLA-CLASS\u201c (X156) , modeliai, pagaminti nuo: 2013 m.<br \/>\n\u201eMercedes-Benz V\u201c klas\u0117s (W447) modeliai, pagaminti nuo: 2014 m.<br \/>\nMercedes-Benz MARCO POLO Camper (W447) , modeliai, pagaminti nuo: 2015 m.<br \/>\n\u201eMercedes-Benz VITO\u201c mikroautobusas (W447) , modeliai, pagaminti nuo: 2014 m.<br \/>\n\u201eMercedes-Benz VITO Mixto\u201c (dviguba kabina) (W447) , modeliai, pagaminti nuo: 2014 m.<br \/>\n\u201eMercedes-Benz VITO Tourer\u201c (W447) , modeliai, pagaminti nuo: 2014 m.<\/p>\n<p>Gamintojas: pakaitalas<br \/>\nTechnin\u0117 b\u016bkl\u0117: prek\u0117 yra visi\u0161kai nauja, nenaudota, nepa\u017eeista ir nesugadinta<\/p>\n","protected":false},"excerpt":{"rendered":"<p>1. Prek\u0117: Kapoto u\u017erakto jutiklis<\/p>\n<p>2. Gamintojas: pakeitimas<\/p>\n<p>3. Automobilis: \u201eMercedes-Benz\u201c<\/p>\n<p>CLA X117 C117 13-19<\/p>\n<p>B KLAS\u0116 W246, W242 11-18<\/p>\n<p>GLA KLAS\u0116 X156 2013-<\/p>\n<p>V-KLAS\u0116 W447 2014-<\/p>\n","protected":false},"featured_media":66949,"comment_status":"open","ping_status":"closed","template":"","meta":[],"product_brand":[],"product_cat":[145],"product_tag":[],"class_list":{"0":"post-66948","1":"product","2":"type-product","3":"status-publish","4":"has-post-thumbnail","6":"product_cat-mercedes-benz","8":"first","9":"instock","10":"shipping-taxable","11":"purchasable","12":"product-type-simple"},"yoast_head":"<!-- This site is optimized with the Yoast SEO Premium plugin v25.2 (Yoast SEO v27.6) - https:\/\/yoast.com\/product\/yoast-seo-premium-wordpress\/ -->\n<title>Mercedes-Benz B-CLASS W246, W242 11-18 variklio dang\u010dio u\u017erakto daviklis - Erformance.eu<\/title>\n<meta name=\"robots\" content=\"index, follow, max-snippet:-1, max-image-preview:large, max-video-preview:-1\" \/>\n<link rel=\"canonical\" href=\"https:\/\/erformance.eu\/lv\/produkts\/mercedes-benz-b-class-w246-w242-11-18-variklio-dangcio-uzrakto-daviklis\/\" \/>\n<meta property=\"og:locale\" content=\"lv_LV\" \/>\n<meta property=\"og:type\" content=\"article\" \/>\n<meta property=\"og:title\" content=\"Mercedes-Benz B-CLASS W246, W242 11-18 variklio dang\u010dio u\u017erakto daviklis\" \/>\n<meta property=\"og:description\" content=\"1. Prek\u0117: Kapoto u\u017erakto jutiklis 2. Gamintojas: pakeitimas 3. Automobilis: \u201eMercedes-Benz\u201c CLA X117 C117 13-19 B KLAS\u0116 W246, W242 11-18 GLA KLAS\u0116 X156 2013- V-KLAS\u0116 W447 2014-\" \/>\n<meta property=\"og:url\" content=\"https:\/\/erformance.eu\/lv\/produkts\/mercedes-benz-b-class-w246-w242-11-18-variklio-dangcio-uzrakto-daviklis\/\" \/>\n<meta property=\"og:site_name\" content=\"Erformance.eu\" \/>\n<meta property=\"article:modified_time\" content=\"2026-04-24T20:18:52+00:00\" \/>\n<meta name=\"twitter:card\" content=\"summary_large_image\" \/>\n<meta name=\"twitter:label1\" content=\"Est. reading time\" \/>\n\t<meta name=\"twitter:data1\" content=\"1 min\u016b\u0161u\" \/>\n<script type=\"application\/ld+json\" class=\"yoast-schema-graph\">{\"@context\":\"https:\\\/\\\/schema.org\",\"@graph\":[{\"@type\":\"WebPage\",\"@id\":\"https:\\\/\\\/erformance.eu\\\/lv\\\/produkts\\\/mercedes-benz-b-class-w246-w242-11-18-variklio-dangcio-uzrakto-daviklis\\\/\",\"url\":\"https:\\\/\\\/erformance.eu\\\/lv\\\/produkts\\\/mercedes-benz-b-class-w246-w242-11-18-variklio-dangcio-uzrakto-daviklis\\\/\",\"name\":\"Mercedes-Benz B-CLASS W246, W242 11-18 variklio dang\u010dio u\u017erakto daviklis - Erformance.eu\",\"isPartOf\":{\"@id\":\"https:\\\/\\\/erformance.eu\\\/lv\\\/#website\"},\"primaryImageOfPage\":{\"@id\":\"https:\\\/\\\/erformance.eu\\\/lv\\\/produkts\\\/mercedes-benz-b-class-w246-w242-11-18-variklio-dangcio-uzrakto-daviklis\\\/#primaryimage\"},\"image\":{\"@id\":\"https:\\\/\\\/erformance.eu\\\/lv\\\/produkts\\\/mercedes-benz-b-class-w246-w242-11-18-variklio-dangcio-uzrakto-daviklis\\\/#primaryimage\"},\"thumbnailUrl\":\"https:\\\/\\\/erformance.eu\\\/wp-content\\\/uploads\\\/2026\\\/04\\\/pol_pm_Mercedes-Benz-KLASA-B-W246-W242-11-18-czujnik-zamka-maski-36536_10.jpg\",\"datePublished\":\"2026-04-24T20:18:51+00:00\",\"dateModified\":\"2026-04-24T20:18:52+00:00\",\"breadcrumb\":{\"@id\":\"https:\\\/\\\/erformance.eu\\\/lv\\\/produkts\\\/mercedes-benz-b-class-w246-w242-11-18-variklio-dangcio-uzrakto-daviklis\\\/#breadcrumb\"},\"inLanguage\":\"lv-LV\",\"potentialAction\":[{\"@type\":\"ReadAction\",\"target\":[\"https:\\\/\\\/erformance.eu\\\/lv\\\/produkts\\\/mercedes-benz-b-class-w246-w242-11-18-variklio-dangcio-uzrakto-daviklis\\\/\"]}]},{\"@type\":\"ImageObject\",\"inLanguage\":\"lv-LV\",\"@id\":\"https:\\\/\\\/erformance.eu\\\/lv\\\/produkts\\\/mercedes-benz-b-class-w246-w242-11-18-variklio-dangcio-uzrakto-daviklis\\\/#primaryimage\",\"url\":\"https:\\\/\\\/erformance.eu\\\/wp-content\\\/uploads\\\/2026\\\/04\\\/pol_pm_Mercedes-Benz-KLASA-B-W246-W242-11-18-czujnik-zamka-maski-36536_10.jpg\",\"contentUrl\":\"https:\\\/\\\/erformance.eu\\\/wp-content\\\/uploads\\\/2026\\\/04\\\/pol_pm_Mercedes-Benz-KLASA-B-W246-W242-11-18-czujnik-zamka-maski-36536_10.jpg\",\"width\":1200,\"height\":1200},{\"@type\":\"BreadcrumbList\",\"@id\":\"https:\\\/\\\/erformance.eu\\\/lv\\\/produkts\\\/mercedes-benz-b-class-w246-w242-11-18-variklio-dangcio-uzrakto-daviklis\\\/#breadcrumb\",\"itemListElement\":[{\"@type\":\"ListItem\",\"position\":1,\"name\":\"Home\",\"item\":\"https:\\\/\\\/erformance.eu\\\/lv\\\/\"},{\"@type\":\"ListItem\",\"position\":2,\"name\":\"Veikals\",\"item\":\"https:\\\/\\\/erformance.eu\\\/lv\\\/veikals\\\/\"},{\"@type\":\"ListItem\",\"position\":3,\"name\":\"Mercedes-Benz B-CLASS W246, W242 11-18 variklio dang\u010dio u\u017erakto daviklis\"}]},{\"@type\":\"WebSite\",\"@id\":\"https:\\\/\\\/erformance.eu\\\/lv\\\/#website\",\"url\":\"https:\\\/\\\/erformance.eu\\\/lv\\\/\",\"name\":\"Erformance.eu\",\"description\":\"Automobili\u0173 dali\u0173 parduotuv\u0117\",\"potentialAction\":[{\"@type\":\"SearchAction\",\"target\":{\"@type\":\"EntryPoint\",\"urlTemplate\":\"https:\\\/\\\/erformance.eu\\\/lv\\\/?s={search_term_string}\"},\"query-input\":{\"@type\":\"PropertyValueSpecification\",\"valueRequired\":true,\"valueName\":\"search_term_string\"}}],\"inLanguage\":\"lv-LV\"}]}<\/script>\n<!-- \/ Yoast SEO Premium plugin. -->","yoast_head_json":{"title":"Mercedes-Benz B-CLASS W246, W242 11-18 variklio dang\u010dio u\u017erakto daviklis - Erformance.eu","robots":{"index":"index","follow":"follow","max-snippet":"max-snippet:-1","max-image-preview":"max-image-preview:large","max-video-preview":"max-video-preview:-1"},"canonical":"https:\/\/erformance.eu\/lv\/produkts\/mercedes-benz-b-class-w246-w242-11-18-variklio-dangcio-uzrakto-daviklis\/","og_locale":"lv_LV","og_type":"article","og_title":"Mercedes-Benz B-CLASS W246, W242 11-18 variklio dang\u010dio u\u017erakto daviklis","og_description":"1. Prek\u0117: Kapoto u\u017erakto jutiklis 2. Gamintojas: pakeitimas 3. Automobilis: \u201eMercedes-Benz\u201c CLA X117 C117 13-19 B KLAS\u0116 W246, W242 11-18 GLA KLAS\u0116 X156 2013- V-KLAS\u0116 W447 2014-","og_url":"https:\/\/erformance.eu\/lv\/produkts\/mercedes-benz-b-class-w246-w242-11-18-variklio-dangcio-uzrakto-daviklis\/","og_site_name":"Erformance.eu","article_modified_time":"2026-04-24T20:18:52+00:00","twitter_card":"summary_large_image","twitter_misc":{"Est. reading time":"1 min\u016b\u0161u"},"schema":{"@context":"https:\/\/schema.org","@graph":[{"@type":"WebPage","@id":"https:\/\/erformance.eu\/lv\/produkts\/mercedes-benz-b-class-w246-w242-11-18-variklio-dangcio-uzrakto-daviklis\/","url":"https:\/\/erformance.eu\/lv\/produkts\/mercedes-benz-b-class-w246-w242-11-18-variklio-dangcio-uzrakto-daviklis\/","name":"Mercedes-Benz B-CLASS W246, W242 11-18 variklio dang\u010dio u\u017erakto daviklis - Erformance.eu","isPartOf":{"@id":"https:\/\/erformance.eu\/lv\/#website"},"primaryImageOfPage":{"@id":"https:\/\/erformance.eu\/lv\/produkts\/mercedes-benz-b-class-w246-w242-11-18-variklio-dangcio-uzrakto-daviklis\/#primaryimage"},"image":{"@id":"https:\/\/erformance.eu\/lv\/produkts\/mercedes-benz-b-class-w246-w242-11-18-variklio-dangcio-uzrakto-daviklis\/#primaryimage"},"thumbnailUrl":"https:\/\/erformance.eu\/wp-content\/uploads\/2026\/04\/pol_pm_Mercedes-Benz-KLASA-B-W246-W242-11-18-czujnik-zamka-maski-36536_10.jpg","datePublished":"2026-04-24T20:18:51+00:00","dateModified":"2026-04-24T20:18:52+00:00","breadcrumb":{"@id":"https:\/\/erformance.eu\/lv\/produkts\/mercedes-benz-b-class-w246-w242-11-18-variklio-dangcio-uzrakto-daviklis\/#breadcrumb"},"inLanguage":"lv-LV","potentialAction":[{"@type":"ReadAction","target":["https:\/\/erformance.eu\/lv\/produkts\/mercedes-benz-b-class-w246-w242-11-18-variklio-dangcio-uzrakto-daviklis\/"]}]},{"@type":"ImageObject","inLanguage":"lv-LV","@id":"https:\/\/erformance.eu\/lv\/produkts\/mercedes-benz-b-class-w246-w242-11-18-variklio-dangcio-uzrakto-daviklis\/#primaryimage","url":"https:\/\/erformance.eu\/wp-content\/uploads\/2026\/04\/pol_pm_Mercedes-Benz-KLASA-B-W246-W242-11-18-czujnik-zamka-maski-36536_10.jpg","contentUrl":"https:\/\/erformance.eu\/wp-content\/uploads\/2026\/04\/pol_pm_Mercedes-Benz-KLASA-B-W246-W242-11-18-czujnik-zamka-maski-36536_10.jpg","width":1200,"height":1200},{"@type":"BreadcrumbList","@id":"https:\/\/erformance.eu\/lv\/produkts\/mercedes-benz-b-class-w246-w242-11-18-variklio-dangcio-uzrakto-daviklis\/#breadcrumb","itemListElement":[{"@type":"ListItem","position":1,"name":"Home","item":"https:\/\/erformance.eu\/lv\/"},{"@type":"ListItem","position":2,"name":"Veikals","item":"https:\/\/erformance.eu\/lv\/veikals\/"},{"@type":"ListItem","position":3,"name":"Mercedes-Benz B-CLASS W246, W242 11-18 variklio dang\u010dio u\u017erakto daviklis"}]},{"@type":"WebSite","@id":"https:\/\/erformance.eu\/lv\/#website","url":"https:\/\/erformance.eu\/lv\/","name":"Erformance.eu","description":"Automobili\u0173 dali\u0173 parduotuv\u0117","potentialAction":[{"@type":"SearchAction","target":{"@type":"EntryPoint","urlTemplate":"https:\/\/erformance.eu\/lv\/?s={search_term_string}"},"query-input":{"@type":"PropertyValueSpecification","valueRequired":true,"valueName":"search_term_string"}}],"inLanguage":"lv-LV"}]}},"jetpack_sharing_enabled":true,"_links":{"self":[{"href":"https:\/\/erformance.eu\/lv\/wp-json\/wp\/v2\/product\/66948","targetHints":{"allow":["GET"]}}],"collection":[{"href":"https:\/\/erformance.eu\/lv\/wp-json\/wp\/v2\/product"}],"about":[{"href":"https:\/\/erformance.eu\/lv\/wp-json\/wp\/v2\/types\/product"}],"replies":[{"embeddable":true,"href":"https:\/\/erformance.eu\/lv\/wp-json\/wp\/v2\/comments?post=66948"}],"version-history":[{"count":1,"href":"https:\/\/erformance.eu\/lv\/wp-json\/wp\/v2\/product\/66948\/revisions"}],"predecessor-version":[{"id":66950,"href":"https:\/\/erformance.eu\/lv\/wp-json\/wp\/v2\/product\/66948\/revisions\/66950"}],"wp:featuredmedia":[{"embeddable":true,"href":"https:\/\/erformance.eu\/lv\/wp-json\/wp\/v2\/media\/66949"}],"wp:attachment":[{"href":"https:\/\/erformance.eu\/lv\/wp-json\/wp\/v2\/media?parent=66948"}],"wp:term":[{"taxonomy":"product_brand","embeddable":true,"href":"https:\/\/erformance.eu\/lv\/wp-json\/wp\/v2\/product_brand?post=66948"},{"taxonomy":"product_cat","embeddable":true,"href":"https:\/\/erformance.eu\/lv\/wp-json\/wp\/v2\/product_cat?post=66948"},{"taxonomy":"product_tag","embeddable":true,"href":"https:\/\/erformance.eu\/lv\/wp-json\/wp\/v2\/product_tag?post=66948"}],"curies":[{"name":"wp","href":"https:\/\/api.w.org\/{rel}","templated":true}]}}