{"id":68133,"date":"2026-04-24T23:28:52","date_gmt":"2026-04-24T20:28:52","guid":{"rendered":"https:\/\/erformance.eu\/?post_type=product&#038;p=68133"},"modified":"2026-04-24T23:28:52","modified_gmt":"2026-04-24T20:28:52","slug":"vw-amarok-beetle-bora-caddy-eos-gol-golf-iv-lupo-passat-b5-polo-saveiro-sharan-i-touran-i-t5-saules-skydelio-kabliuko-laikiklis-beige","status":"publish","type":"product","link":"https:\/\/erformance.eu\/lv\/produkts\/vw-amarok-beetle-bora-caddy-eos-gol-golf-iv-lupo-passat-b5-polo-saveiro-sharan-i-touran-i-t5-saules-skydelio-kabliuko-laikiklis-beige\/","title":{"rendered":"VW Amarok Beetle Bora Caddy Eos Gol Golf IV Lupo Passat B5 Polo Saveiro Sharan I Touran I T5 saul\u0117s skydelio kabliuko laikiklis BEIGE"},"content":{"rendered":"<p>Prek\u0117: Saul\u0117s skydelio kabliuko laikiklis<br \/>\nPus\u0117: kair\u0117 = de\u0161in\u0117<br \/>\nOE numeris: 3B0857561B<br \/>\nPASTABA: auk\u0161\u010diau pateikti numeriai yra original\u016bs dali\u0173 numeriai, kuriuos \u0161is pasi\u016blymas pakei\u010dia. Prie\u0161 pirkdami, palyginkite juos su originaliu dalies numeriu. Jei jie skiriasi net vienu simboliu, dalis netiks, neveiks arba veiks netinkamai. Tokiu atveju jos nepirkite.<br \/>\nAutomobilis:<\/p>\n<p>\u201eAudi A2\u201c, gamybos metai: 2000\u20132005<br \/>\nAudi A3 8L, gamybos metai: 1996\u20132003<br \/>\n\u201eAudi A3\u201c kabrioletas, pagaminimo metai: 2008\u20132013<br \/>\nAudi A4 B5\/Avant, gamybos metai: 1994-2001<br \/>\nAudi A4 B6 B7 Cabriolet, gamybos metai: 2002-2009<br \/>\n\u201eAudi A5\u201c \/ \u201eSportback\u201c, gamybos metai: 2007\u20132017<br \/>\n\u201eAudi A5\u201c kabrioletas, pagaminimo metai: 2009\u20132017<br \/>\n\u201eAudi A8 D2 D3 D4\u201c, gamybos metai: 1994\u20132018<br \/>\n\u201eAudi Coupe\u201c, gamybos metai: 1988\u20131996<br \/>\n\u201eFord Galaxy\u201c, gamybos metai: 1995\u20132006<br \/>\n\u201eSeat Alhambra\u201c, gamybos metai: 1996\u20132010<br \/>\n\u201eSeat Altea\u201c, modeliai, pagaminti nuo 2004 m.<br \/>\n\u201eSeat Arosa\u201c, gamybos metai: 1997\u20132004<br \/>\n\u201eSeat Cordoba\u201c \/ \u201eVario\u201c, gamybos metai: 2003\u20132009<br \/>\n\u201eSeat Ibiza\/ST\u201c, modeliai, pagaminti nuo 2002 m.<br \/>\n\u201eSeat Leon\u201c \/ \u201eLeon 4\u201c, gamybos metai: 2000\u20132013<br \/>\n\u201eSeat Toledo\u201c, gamybos metai: 1999\u20132009<br \/>\n\u201eSkoda Fabia I II\u201c, gamybos metai: 1999\u20132014<br \/>\n\u201eSkoda Octavia I II\u201c, gamybos metai: 1996\u20132013<br \/>\n\u201eSkoda Superb\u201c, gamybos metai: 2002\u20132008<br \/>\nSkoda Roomster, gamybos metai: 2006-2015<br \/>\n\u201eVolkswagen Amarok\u201c, gamybos metai: 2010\u20132016<br \/>\n\u201eVolkswagen Beetle\u201c, gamybos metai: 1999\u20132010<br \/>\n\u201eVolkswagen Beetle\u201c kabrioletas, gamybos metai: 2003\u20132016<br \/>\n\u201eVolkswagen Bora\u201c \/ \u201eVariant\u201c \/ \u201e4Motion\u201c, pagaminimo metai: 1999\u20132005<br \/>\n\u201eVolkswagen Caddy\u201c, gamybos metai: 2004\u20132016<br \/>\nVolkswagen Campmob. (Typ2\/Transp.\/LT), pagaminimo metai: 2004\u20132016<br \/>\n\u201eVolkswagen Eos\u201c, gamybos metai: 2006\u20132016<br \/>\n\u201eVolkswagen Gol\u201c, gamybos metai: 2009\u20132011<br \/>\n\u201eVolkswagen Golf\u201c \/ \u201eVariant\u201c \/ \u201e4Motion\u201c, gamybos metai: 1998\u20132006<br \/>\n\u201eVolkswagen Golf VI\u201c kabrioletas, pagaminimo metai: 2011\u20132016<br \/>\n\u201eVolkswagen Lupo\u201c \/ \u201eLupo 3L TDI\u201c, gamybos metai: 1999\u20132006<br \/>\n\u201eVolkswagen Passat\u201c \/ \u201e4Motion\u201c \/ \u201eSantana\u201c, gamybos metai: 1997\u20132005<br \/>\n\u201eVolkswagen Passat syncro\u201c, gamybos metai: 1997\u20131999<br \/>\n\u201eVolkswagen Polo\u201c \/ \u201eDerby\u201c \/ \u201eVento\u201c \u2013 IND, gamybos metai: 2002\u20132010<br \/>\n\u201eVolkswagen Polo Classic\u201c, gamybos metai: 2004\u20132008<br \/>\nVolkswagen Polo Lim.(Stufenh.\/Sedan), gamybos metai: 2004-2006<br \/>\nVolkswagen Saveiro, gamybos metai: 2010-2013<br \/>\n\u201eVolkswagen Sharan\u201c \/ \u201esyncro\u201c \/ \u201e4Motion\u201c, gamybos metai: 1996\u20132016<br \/>\n\u201eVolkswagen Touran\u201c, gamybos metai: 2003\u20132010<br \/>\n\u201eVolkswagen Transporter\u201c, gamybos metai: 2003\u20132016<\/p>\n<p>Spalva: sm\u0117lio spalvos<br \/>\nGamintojas: pakaitalas<br \/>\nTechnin\u0117 b\u016bkl\u0117: prek\u0117 yra visi\u0161kai nauja, nenaudota, nepa\u017eeista ir nesugadinta<\/p>\n","protected":false},"excerpt":{"rendered":"<p>1. Prek\u0117: Saul\u0117s skydelio kabliuko laikiklis<\/p>\n<p>2. Gamintojas: pakeitimas<\/p>\n<p>3. Automobilis:<\/p>\n<p>* VW Amarok<\/p>\n<p>* VW Vabalas<\/p>\n<p>* VW Bora<\/p>\n<p>* VW Caddy<\/p>\n<p>* VW Eos<\/p>\n<p>* VW Gol<\/p>\n<p>* VW Golf IV<\/p>\n<p>* VW Lupo<\/p>\n<p>* VW Passat B5<\/p>\n<p>* VW Polo<\/p>\n<p>* VW Saveiro<\/p>\n<p>VW Sharan I<\/p>\n<p>VW Touran I<\/p>\n<p>* VW T5<\/p>\n","protected":false},"featured_media":68134,"comment_status":"open","ping_status":"closed","template":"","meta":[],"product_brand":[],"product_cat":[145],"product_tag":[],"class_list":{"0":"post-68133","1":"product","2":"type-product","3":"status-publish","4":"has-post-thumbnail","6":"product_cat-mercedes-benz","8":"first","9":"instock","10":"shipping-taxable","11":"purchasable","12":"product-type-simple"},"yoast_head":"<!-- This site is optimized with the Yoast SEO Premium plugin v25.2 (Yoast SEO v27.6) - https:\/\/yoast.com\/product\/yoast-seo-premium-wordpress\/ -->\n<title>VW Amarok Beetle Bora Caddy Eos Gol Golf IV Lupo Passat B5 Polo Saveiro Sharan I Touran I T5 saul\u0117s skydelio kabliuko laikiklis BEIGE - Erformance.eu<\/title>\n<meta name=\"robots\" content=\"index, follow, max-snippet:-1, max-image-preview:large, max-video-preview:-1\" \/>\n<link rel=\"canonical\" href=\"https:\/\/erformance.eu\/lv\/produkts\/vw-amarok-beetle-bora-caddy-eos-gol-golf-iv-lupo-passat-b5-polo-saveiro-sharan-i-touran-i-t5-saules-skydelio-kabliuko-laikiklis-beige\/\" \/>\n<meta property=\"og:locale\" content=\"lv_LV\" \/>\n<meta property=\"og:type\" content=\"article\" \/>\n<meta property=\"og:title\" content=\"VW Amarok Beetle Bora Caddy Eos Gol Golf IV Lupo Passat B5 Polo Saveiro Sharan I Touran I T5 saul\u0117s skydelio kabliuko laikiklis BEIGE\" \/>\n<meta property=\"og:description\" content=\"1. Prek\u0117: Saul\u0117s skydelio kabliuko laikiklis 2. Gamintojas: pakeitimas 3. Automobilis: * VW Amarok * VW Vabalas * VW Bora * VW Caddy * VW Eos * VW Gol * VW Golf IV * VW Lupo * VW Passat B5 * VW Polo * VW Saveiro VW Sharan I VW Touran I * VW T5\" \/>\n<meta property=\"og:url\" content=\"https:\/\/erformance.eu\/lv\/produkts\/vw-amarok-beetle-bora-caddy-eos-gol-golf-iv-lupo-passat-b5-polo-saveiro-sharan-i-touran-i-t5-saules-skydelio-kabliuko-laikiklis-beige\/\" \/>\n<meta property=\"og:site_name\" content=\"Erformance.eu\" \/>\n<meta name=\"twitter:card\" content=\"summary_large_image\" \/>\n<meta name=\"twitter:label1\" content=\"Est. reading time\" \/>\n\t<meta name=\"twitter:data1\" content=\"1 min\u016b\u0161u\" \/>\n<script type=\"application\/ld+json\" class=\"yoast-schema-graph\">{\"@context\":\"https:\\\/\\\/schema.org\",\"@graph\":[{\"@type\":\"WebPage\",\"@id\":\"https:\\\/\\\/erformance.eu\\\/lv\\\/produkts\\\/vw-amarok-beetle-bora-caddy-eos-gol-golf-iv-lupo-passat-b5-polo-saveiro-sharan-i-touran-i-t5-saules-skydelio-kabliuko-laikiklis-beige\\\/\",\"url\":\"https:\\\/\\\/erformance.eu\\\/lv\\\/produkts\\\/vw-amarok-beetle-bora-caddy-eos-gol-golf-iv-lupo-passat-b5-polo-saveiro-sharan-i-touran-i-t5-saules-skydelio-kabliuko-laikiklis-beige\\\/\",\"name\":\"VW Amarok Beetle Bora Caddy Eos Gol Golf IV Lupo Passat B5 Polo Saveiro Sharan I Touran I T5 saul\u0117s skydelio kabliuko laikiklis BEIGE - Erformance.eu\",\"isPartOf\":{\"@id\":\"https:\\\/\\\/erformance.eu\\\/lv\\\/#website\"},\"primaryImageOfPage\":{\"@id\":\"https:\\\/\\\/erformance.eu\\\/lv\\\/produkts\\\/vw-amarok-beetle-bora-caddy-eos-gol-golf-iv-lupo-passat-b5-polo-saveiro-sharan-i-touran-i-t5-saules-skydelio-kabliuko-laikiklis-beige\\\/#primaryimage\"},\"image\":{\"@id\":\"https:\\\/\\\/erformance.eu\\\/lv\\\/produkts\\\/vw-amarok-beetle-bora-caddy-eos-gol-golf-iv-lupo-passat-b5-polo-saveiro-sharan-i-touran-i-t5-saules-skydelio-kabliuko-laikiklis-beige\\\/#primaryimage\"},\"thumbnailUrl\":\"https:\\\/\\\/erformance.eu\\\/wp-content\\\/uploads\\\/2026\\\/04\\\/pol_pm_VW-Amarok-Beetle-Bora-Caddy-Eos-Gol-Golf-IV-Lupo-Passat-B5-Polo-Saveiro-Sharan-I-Touran-I-T5-uchwyt-haczyk-oslony-przeciwslonecznej-BEZOWY-27629_6.jpg\",\"datePublished\":\"2026-04-24T20:28:52+00:00\",\"breadcrumb\":{\"@id\":\"https:\\\/\\\/erformance.eu\\\/lv\\\/produkts\\\/vw-amarok-beetle-bora-caddy-eos-gol-golf-iv-lupo-passat-b5-polo-saveiro-sharan-i-touran-i-t5-saules-skydelio-kabliuko-laikiklis-beige\\\/#breadcrumb\"},\"inLanguage\":\"lv-LV\",\"potentialAction\":[{\"@type\":\"ReadAction\",\"target\":[\"https:\\\/\\\/erformance.eu\\\/lv\\\/produkts\\\/vw-amarok-beetle-bora-caddy-eos-gol-golf-iv-lupo-passat-b5-polo-saveiro-sharan-i-touran-i-t5-saules-skydelio-kabliuko-laikiklis-beige\\\/\"]}]},{\"@type\":\"ImageObject\",\"inLanguage\":\"lv-LV\",\"@id\":\"https:\\\/\\\/erformance.eu\\\/lv\\\/produkts\\\/vw-amarok-beetle-bora-caddy-eos-gol-golf-iv-lupo-passat-b5-polo-saveiro-sharan-i-touran-i-t5-saules-skydelio-kabliuko-laikiklis-beige\\\/#primaryimage\",\"url\":\"https:\\\/\\\/erformance.eu\\\/wp-content\\\/uploads\\\/2026\\\/04\\\/pol_pm_VW-Amarok-Beetle-Bora-Caddy-Eos-Gol-Golf-IV-Lupo-Passat-B5-Polo-Saveiro-Sharan-I-Touran-I-T5-uchwyt-haczyk-oslony-przeciwslonecznej-BEZOWY-27629_6.jpg\",\"contentUrl\":\"https:\\\/\\\/erformance.eu\\\/wp-content\\\/uploads\\\/2026\\\/04\\\/pol_pm_VW-Amarok-Beetle-Bora-Caddy-Eos-Gol-Golf-IV-Lupo-Passat-B5-Polo-Saveiro-Sharan-I-Touran-I-T5-uchwyt-haczyk-oslony-przeciwslonecznej-BEZOWY-27629_6.jpg\",\"width\":1200,\"height\":1200},{\"@type\":\"BreadcrumbList\",\"@id\":\"https:\\\/\\\/erformance.eu\\\/lv\\\/produkts\\\/vw-amarok-beetle-bora-caddy-eos-gol-golf-iv-lupo-passat-b5-polo-saveiro-sharan-i-touran-i-t5-saules-skydelio-kabliuko-laikiklis-beige\\\/#breadcrumb\",\"itemListElement\":[{\"@type\":\"ListItem\",\"position\":1,\"name\":\"Home\",\"item\":\"https:\\\/\\\/erformance.eu\\\/lv\\\/\"},{\"@type\":\"ListItem\",\"position\":2,\"name\":\"Veikals\",\"item\":\"https:\\\/\\\/erformance.eu\\\/lv\\\/veikals\\\/\"},{\"@type\":\"ListItem\",\"position\":3,\"name\":\"VW Amarok Beetle Bora Caddy Eos Gol Golf IV Lupo Passat B5 Polo Saveiro Sharan I Touran I T5 saul\u0117s skydelio kabliuko laikiklis BEIGE\"}]},{\"@type\":\"WebSite\",\"@id\":\"https:\\\/\\\/erformance.eu\\\/lv\\\/#website\",\"url\":\"https:\\\/\\\/erformance.eu\\\/lv\\\/\",\"name\":\"Erformance.eu\",\"description\":\"Automobili\u0173 dali\u0173 parduotuv\u0117\",\"potentialAction\":[{\"@type\":\"SearchAction\",\"target\":{\"@type\":\"EntryPoint\",\"urlTemplate\":\"https:\\\/\\\/erformance.eu\\\/lv\\\/?s={search_term_string}\"},\"query-input\":{\"@type\":\"PropertyValueSpecification\",\"valueRequired\":true,\"valueName\":\"search_term_string\"}}],\"inLanguage\":\"lv-LV\"}]}<\/script>\n<!-- \/ Yoast SEO Premium plugin. -->","yoast_head_json":{"title":"VW Amarok Beetle Bora Caddy Eos Gol Golf IV Lupo Passat B5 Polo Saveiro Sharan I Touran I T5 saul\u0117s skydelio kabliuko laikiklis BEIGE - Erformance.eu","robots":{"index":"index","follow":"follow","max-snippet":"max-snippet:-1","max-image-preview":"max-image-preview:large","max-video-preview":"max-video-preview:-1"},"canonical":"https:\/\/erformance.eu\/lv\/produkts\/vw-amarok-beetle-bora-caddy-eos-gol-golf-iv-lupo-passat-b5-polo-saveiro-sharan-i-touran-i-t5-saules-skydelio-kabliuko-laikiklis-beige\/","og_locale":"lv_LV","og_type":"article","og_title":"VW Amarok Beetle Bora Caddy Eos Gol Golf IV Lupo Passat B5 Polo Saveiro Sharan I Touran I T5 saul\u0117s skydelio kabliuko laikiklis BEIGE","og_description":"1. Prek\u0117: Saul\u0117s skydelio kabliuko laikiklis 2. Gamintojas: pakeitimas 3. Automobilis: * VW Amarok * VW Vabalas * VW Bora * VW Caddy * VW Eos * VW Gol * VW Golf IV * VW Lupo * VW Passat B5 * VW Polo * VW Saveiro VW Sharan I VW Touran I * VW T5","og_url":"https:\/\/erformance.eu\/lv\/produkts\/vw-amarok-beetle-bora-caddy-eos-gol-golf-iv-lupo-passat-b5-polo-saveiro-sharan-i-touran-i-t5-saules-skydelio-kabliuko-laikiklis-beige\/","og_site_name":"Erformance.eu","twitter_card":"summary_large_image","twitter_misc":{"Est. reading time":"1 min\u016b\u0161u"},"schema":{"@context":"https:\/\/schema.org","@graph":[{"@type":"WebPage","@id":"https:\/\/erformance.eu\/lv\/produkts\/vw-amarok-beetle-bora-caddy-eos-gol-golf-iv-lupo-passat-b5-polo-saveiro-sharan-i-touran-i-t5-saules-skydelio-kabliuko-laikiklis-beige\/","url":"https:\/\/erformance.eu\/lv\/produkts\/vw-amarok-beetle-bora-caddy-eos-gol-golf-iv-lupo-passat-b5-polo-saveiro-sharan-i-touran-i-t5-saules-skydelio-kabliuko-laikiklis-beige\/","name":"VW Amarok Beetle Bora Caddy Eos Gol Golf IV Lupo Passat B5 Polo Saveiro Sharan I Touran I T5 saul\u0117s skydelio kabliuko laikiklis BEIGE - Erformance.eu","isPartOf":{"@id":"https:\/\/erformance.eu\/lv\/#website"},"primaryImageOfPage":{"@id":"https:\/\/erformance.eu\/lv\/produkts\/vw-amarok-beetle-bora-caddy-eos-gol-golf-iv-lupo-passat-b5-polo-saveiro-sharan-i-touran-i-t5-saules-skydelio-kabliuko-laikiklis-beige\/#primaryimage"},"image":{"@id":"https:\/\/erformance.eu\/lv\/produkts\/vw-amarok-beetle-bora-caddy-eos-gol-golf-iv-lupo-passat-b5-polo-saveiro-sharan-i-touran-i-t5-saules-skydelio-kabliuko-laikiklis-beige\/#primaryimage"},"thumbnailUrl":"https:\/\/erformance.eu\/wp-content\/uploads\/2026\/04\/pol_pm_VW-Amarok-Beetle-Bora-Caddy-Eos-Gol-Golf-IV-Lupo-Passat-B5-Polo-Saveiro-Sharan-I-Touran-I-T5-uchwyt-haczyk-oslony-przeciwslonecznej-BEZOWY-27629_6.jpg","datePublished":"2026-04-24T20:28:52+00:00","breadcrumb":{"@id":"https:\/\/erformance.eu\/lv\/produkts\/vw-amarok-beetle-bora-caddy-eos-gol-golf-iv-lupo-passat-b5-polo-saveiro-sharan-i-touran-i-t5-saules-skydelio-kabliuko-laikiklis-beige\/#breadcrumb"},"inLanguage":"lv-LV","potentialAction":[{"@type":"ReadAction","target":["https:\/\/erformance.eu\/lv\/produkts\/vw-amarok-beetle-bora-caddy-eos-gol-golf-iv-lupo-passat-b5-polo-saveiro-sharan-i-touran-i-t5-saules-skydelio-kabliuko-laikiklis-beige\/"]}]},{"@type":"ImageObject","inLanguage":"lv-LV","@id":"https:\/\/erformance.eu\/lv\/produkts\/vw-amarok-beetle-bora-caddy-eos-gol-golf-iv-lupo-passat-b5-polo-saveiro-sharan-i-touran-i-t5-saules-skydelio-kabliuko-laikiklis-beige\/#primaryimage","url":"https:\/\/erformance.eu\/wp-content\/uploads\/2026\/04\/pol_pm_VW-Amarok-Beetle-Bora-Caddy-Eos-Gol-Golf-IV-Lupo-Passat-B5-Polo-Saveiro-Sharan-I-Touran-I-T5-uchwyt-haczyk-oslony-przeciwslonecznej-BEZOWY-27629_6.jpg","contentUrl":"https:\/\/erformance.eu\/wp-content\/uploads\/2026\/04\/pol_pm_VW-Amarok-Beetle-Bora-Caddy-Eos-Gol-Golf-IV-Lupo-Passat-B5-Polo-Saveiro-Sharan-I-Touran-I-T5-uchwyt-haczyk-oslony-przeciwslonecznej-BEZOWY-27629_6.jpg","width":1200,"height":1200},{"@type":"BreadcrumbList","@id":"https:\/\/erformance.eu\/lv\/produkts\/vw-amarok-beetle-bora-caddy-eos-gol-golf-iv-lupo-passat-b5-polo-saveiro-sharan-i-touran-i-t5-saules-skydelio-kabliuko-laikiklis-beige\/#breadcrumb","itemListElement":[{"@type":"ListItem","position":1,"name":"Home","item":"https:\/\/erformance.eu\/lv\/"},{"@type":"ListItem","position":2,"name":"Veikals","item":"https:\/\/erformance.eu\/lv\/veikals\/"},{"@type":"ListItem","position":3,"name":"VW Amarok Beetle Bora Caddy Eos Gol Golf IV Lupo Passat B5 Polo Saveiro Sharan I Touran I T5 saul\u0117s skydelio kabliuko laikiklis BEIGE"}]},{"@type":"WebSite","@id":"https:\/\/erformance.eu\/lv\/#website","url":"https:\/\/erformance.eu\/lv\/","name":"Erformance.eu","description":"Automobili\u0173 dali\u0173 parduotuv\u0117","potentialAction":[{"@type":"SearchAction","target":{"@type":"EntryPoint","urlTemplate":"https:\/\/erformance.eu\/lv\/?s={search_term_string}"},"query-input":{"@type":"PropertyValueSpecification","valueRequired":true,"valueName":"search_term_string"}}],"inLanguage":"lv-LV"}]}},"jetpack_sharing_enabled":true,"_links":{"self":[{"href":"https:\/\/erformance.eu\/lv\/wp-json\/wp\/v2\/product\/68133","targetHints":{"allow":["GET"]}}],"collection":[{"href":"https:\/\/erformance.eu\/lv\/wp-json\/wp\/v2\/product"}],"about":[{"href":"https:\/\/erformance.eu\/lv\/wp-json\/wp\/v2\/types\/product"}],"replies":[{"embeddable":true,"href":"https:\/\/erformance.eu\/lv\/wp-json\/wp\/v2\/comments?post=68133"}],"version-history":[{"count":1,"href":"https:\/\/erformance.eu\/lv\/wp-json\/wp\/v2\/product\/68133\/revisions"}],"predecessor-version":[{"id":68135,"href":"https:\/\/erformance.eu\/lv\/wp-json\/wp\/v2\/product\/68133\/revisions\/68135"}],"wp:featuredmedia":[{"embeddable":true,"href":"https:\/\/erformance.eu\/lv\/wp-json\/wp\/v2\/media\/68134"}],"wp:attachment":[{"href":"https:\/\/erformance.eu\/lv\/wp-json\/wp\/v2\/media?parent=68133"}],"wp:term":[{"taxonomy":"product_brand","embeddable":true,"href":"https:\/\/erformance.eu\/lv\/wp-json\/wp\/v2\/product_brand?post=68133"},{"taxonomy":"product_cat","embeddable":true,"href":"https:\/\/erformance.eu\/lv\/wp-json\/wp\/v2\/product_cat?post=68133"},{"taxonomy":"product_tag","embeddable":true,"href":"https:\/\/erformance.eu\/lv\/wp-json\/wp\/v2\/product_tag?post=68133"}],"curies":[{"name":"wp","href":"https:\/\/api.w.org\/{rel}","templated":true}]}}